{"id":35,"date":"2021-02-03T21:32:34","date_gmt":"2021-02-03T21:32:34","guid":{"rendered":"http:\/\/elsikkerhetsportalen.no\/haalogaland-kraftnett\/?page_id=35"},"modified":"2023-03-14T10:10:30","modified_gmt":"2023-03-14T10:10:30","slug":"smarthjem","status":"publish","type":"page","link":"https:\/\/elsikkerhetsportalen.no\/noranett\/kjope-eller-pusse-opp\/smarthjem\/","title":{"rendered":"Elsikkerhet i smarthus"},"content":{"rendered":"\n<h1 class=\"wp-block-heading\">Smarte hus er mer elsikre<\/h1>\n\n\n\n<h4 class=\"wp-block-heading\"><strong>De tekniske nyvinningene gir mulighet for st\u00f8rre elsikkerhet. Tenk derfor smarthus n\u00e5r du kj\u00f8per, bygger eller pusser opp boligen!<\/strong><\/h4>\n\n\n\n<p>Lysene, kj\u00f8leskapet, r\u00f8ykvarsleren, kaffemaskinen og selv varmeovnen er eksempler p\u00e5 gjenstander kan styre i et smarthjem. Du kan til og med styre med telefonen hvordan det skal lukte hjemme hos deg.<\/p>\n\n\n\n<p>Smarte hjem betyr ogs\u00e5 mer elsikre hjem. Et fullt utbygd smarthus automatiserer og forbedrer en lang rekke manuelle oppgaver, \u00f8ker sikkerheten og kan spare str\u00f8m. \u200bDet finnes knapt grenser for hva som kan legges inn i samme styringssystem.\u00a0 N\u00e5r du uansett skal trekke kabler og legge ting skjult, er det hensiktsmessig \u00e5 legge kabler for styringssystemet i veggen. Du f\u00e5r flere ulike styringssystemer eller ett samlet, enten du skal styre alarm og brann, musikk, varme, lys, ventilasjon og gardiner.<\/p>\n\n\n\n<p class=\"has-text-align-center\"><em>Artikkelen fortsetter under bildet.<\/em><\/p>\n\n\n<div class=\"wp-block-image\">\n<figure class=\"aligncenter size-large is-resized\"><a href=\"https:\/\/elsikkerhetsportalen.no\/wp-content\/uploads\/2021\/10\/smart-home-g92201fb43_1920.jpg\"><img loading=\"lazy\" decoding=\"async\" src=\"https:\/\/elsikkerhetsportalen.no\/wp-content\/uploads\/2021\/10\/smart-home-g92201fb43_1920-1024x682.jpg\" alt=\"\" class=\"wp-image-1010\" width=\"616\" height=\"410\" srcset=\"https:\/\/elsikkerhetsportalen.no\/noranett\/wp-content\/uploads\/sites\/8\/2021\/10\/smart-home-g92201fb43_1920-1024x682.jpg 1024w, https:\/\/elsikkerhetsportalen.no\/noranett\/wp-content\/uploads\/sites\/8\/2021\/10\/smart-home-g92201fb43_1920-300x200.jpg 300w, https:\/\/elsikkerhetsportalen.no\/noranett\/wp-content\/uploads\/sites\/8\/2021\/10\/smart-home-g92201fb43_1920-768x512.jpg 768w, https:\/\/elsikkerhetsportalen.no\/noranett\/wp-content\/uploads\/sites\/8\/2021\/10\/smart-home-g92201fb43_1920-1536x1023.jpg 1536w, https:\/\/elsikkerhetsportalen.no\/noranett\/wp-content\/uploads\/sites\/8\/2021\/10\/smart-home-g92201fb43_1920-502x334.jpg 502w, https:\/\/elsikkerhetsportalen.no\/noranett\/wp-content\/uploads\/sites\/8\/2021\/10\/smart-home-g92201fb43_1920.jpg 1920w\" sizes=\"auto, (max-width: 616px) 100vw, 616px\" \/><\/a><\/figure>\n<\/div>\n\n\n<h3 class=\"wp-block-heading\">Hva best\u00e5r et smarthus av?<\/h3>\n\n\n\n<p>Smarthus kan deles inn i tre kategorier<\/p>\n\n\n\n<ol class=\"wp-block-list\">\n<li>\u00abHub\u00bb \u2013 en enhet som gj\u00f8r at de smarte \u00abtingene\u00bb dine snakker sammen. Disse m\u00e5 som regel kobles opp direkte til bredb\u00e5ndsruteren din hjemme, og hvis du skal kombinere flere smarthjemsystemer blir det raskt mange slike \u00absmarthubber\u00bb. \u00c9n for lysene, \u00e9n for kameraene, \u00e9n for de smarte stikkontaktene osv.<\/li>\n\n\n\n<li>Sensorer \u2013 er smarthusets \u00f8yne og \u00f8rer. Jo flere slike du har, jo mer sofistikert kan du gj\u00f8re automatiseringen av hjemmet ditt. Det er et hav \u00e5 velge mellom, men mest vanlig er sensorer for temperatur, fuktighet, vibrasjon, lys, luftkvalitet, lyd og et magnetsensor som kan registrere hvis en d\u00f8r eller et vindu er \u00e5pent eller lukket. Smarttelefonen din kan fungere som en sensor som forteller hvor i huset du befinner deg.<\/li>\n\n\n\n<li>Smartenhetene \u2013 er de som gj\u00f8r \u00abting\u00bb. Dvs. en lysp\u00e6rer og lamper, fjernstyrte stikkontakter og str\u00f8mbrytere, sikkerhetskameraer og termostater (og mye, mye mer). N\u00e5r disse kobles sammen med sensoren, kan vi for eksempel f\u00e5 en bevegelsessensor p\u00e5 soverommet til \u00e5 starte en varmeovn eller kaffetrakteren p\u00e5 morgenen.<\/li>\n<\/ol>\n\n\n\n<p>I tillegg kan en del forskjellige smarthjem-l\u00f8sninger snakke sammen over If This Then That (IFTTT) (en nettjeneste som for eksempel lar telefonen din si fra n\u00e5r du er p\u00e5 vei hjem og dermed skru varmen opp i hjemmet).<\/p>\n\n\n\n<p>Smarte str\u00f8mplugger (smartplugg) er den billigste m\u00e5ten du kan automatisere deler av hjemmet ditt p\u00e5. Den fungerer s\u00e5 enkelt at du kan bestemme n\u00e5r et produkt skal sl\u00e5s av og p\u00e5. Du sparer str\u00f8m samtidig som du \u00f8ker elsikkerheten i hjemmet!\u00a0Det finnes ulike smartplugger p\u00e5 markedet, og de lar seg styres via en app.<\/p>\n\n\n\n<blockquote class=\"wp-block-quote is-layout-flow wp-block-quote-is-layout-flow\">\n<p>Les alltid bruksanvisningen n\u00f8ye! Sjekk at smartpluggen er dimensjonert for det du \u00f8nsker \u00e5 bruke den til. Den er sannsynligvis ikke dimensjonert for h\u00f8yt str\u00f8mtrekk over tid slik som ved styring av varmtvannsbereder, elbillader eller varmeovner. Da risikerer du overoppheting, varmgang og brann.<\/p>\n<\/blockquote>\n\n\n\n<p>Ved \u00e5 integrere styring av stikkontakter kan du v\u00e6re sikker p\u00e5 at alle elektriske apparater er avsl\u00e5tt n\u00e5r du sover eller forlater boligen. Usikker p\u00e5 om du slo av kaffetrakteren? Husket du \u00e5 sl\u00e5 av kokeplatene? Med en bortefunksjon kan du v\u00e6re trygg p\u00e5 at elektriske apparater og lys sl\u00e5s av n\u00e5r du forlater boligen.<\/p>\n\n\n\n<section class=\"block-section post-cards\">\n\t<div class=\"grid-container\">\n\n        <div class=\"grid-x grid-margin-x section-title-wrapper\">\n            <div class=\"cell small-12 medium-6\">\n                                    <h1 class=\"section-title\">Vi anbefaler<\/h1>\n                            <\/div>\n\n                    <\/div>\n\n        <div class=\"grid-x grid-margin-x cards-wrapper\">\n                                                                    <a href=\"https:\/\/elsikkerhetsportalen.no\/noranett\/elektrisk-utstyr\/kjop-og-bruk-av-elektrisk-utstyr\/\" class=\"link-card cell small-12 medium-6\">\n    <article>\n        <div class=\"content\">\n            <h3 class=\"title\">Kj\u00f8p og bruk av elektrisk utstyr<\/h3>\n            <p class=\"excerpt\"><\/p>\n        <\/div>\n        <span class=\"icon icon-arrow-right\"><\/span>\n    <\/article>\n<\/a>                    \n                                                        <a href=\"https:\/\/elsikkerhetsportalen.no\/noranett\/elektrisk-anlegg\/finn-elektriker\/\" class=\"link-card cell small-12 medium-6\">\n    <article>\n        <div class=\"content\">\n            <h3 class=\"title\">Finn elektriker<\/h3>\n            <p class=\"excerpt\"><\/p>\n        <\/div>\n        <span class=\"icon icon-arrow-right\"><\/span>\n    <\/article>\n<\/a>                    \n                                                    <\/div>\n\n    <\/div>\n<\/section>","protected":false},"excerpt":{"rendered":"<p>Smarte hus er mer elsikre De tekniske nyvinningene gir mulighet for st\u00f8rre elsikkerhet. Tenk derfor smarthus n\u00e5r du kj\u00f8per, bygger eller pusser opp boligen! Lysene, kj\u00f8leskapet, r\u00f8ykvarsleren, kaffemaskinen og selv varmeovnen er eksempler p\u00e5 gjenstander kan styre i et smarthjem. Du kan til og med styre med telefonen hvordan det skal lukte hjemme hos deg. [&hellip;]<\/p>\n","protected":false},"author":1,"featured_media":936,"parent":10,"menu_order":2,"comment_status":"closed","ping_status":"closed","template":"","meta":{"_acf_changed":false,"footnotes":""},"class_list":["post-35","page","type-page","status-publish","has-post-thumbnail","hentry"],"acf":[],"_links":{"self":[{"href":"https:\/\/elsikkerhetsportalen.no\/noranett\/wp-json\/wp\/v2\/pages\/35","targetHints":{"allow":["GET"]}}],"collection":[{"href":"https:\/\/elsikkerhetsportalen.no\/noranett\/wp-json\/wp\/v2\/pages"}],"about":[{"href":"https:\/\/elsikkerhetsportalen.no\/noranett\/wp-json\/wp\/v2\/types\/page"}],"author":[{"embeddable":true,"href":"https:\/\/elsikkerhetsportalen.no\/noranett\/wp-json\/wp\/v2\/users\/1"}],"replies":[{"embeddable":true,"href":"https:\/\/elsikkerhetsportalen.no\/noranett\/wp-json\/wp\/v2\/comments?post=35"}],"version-history":[{"count":0,"href":"https:\/\/elsikkerhetsportalen.no\/noranett\/wp-json\/wp\/v2\/pages\/35\/revisions"}],"up":[{"embeddable":true,"href":"https:\/\/elsikkerhetsportalen.no\/noranett\/wp-json\/wp\/v2\/pages\/10"}],"wp:featuredmedia":[{"embeddable":true,"href":"https:\/\/elsikkerhetsportalen.no\/noranett\/wp-json\/wp\/v2\/media\/936"}],"wp:attachment":[{"href":"https:\/\/elsikkerhetsportalen.no\/noranett\/wp-json\/wp\/v2\/media?parent=35"}],"curies":[{"name":"wp","href":"https:\/\/api.w.org\/{rel}","templated":true}]}}