{"id":61,"date":"2021-02-03T21:37:31","date_gmt":"2021-02-03T21:37:31","guid":{"rendered":"http:\/\/elsikkerhetsportalen.no\/haalogaland-kraftnett\/?page_id=61"},"modified":"2023-05-30T10:30:51","modified_gmt":"2023-05-30T10:30:51","slug":"kontakt-dle","status":"publish","type":"page","link":"https:\/\/elsikkerhetsportalen.no\/noranett\/dle\/kontakt-dle\/","title":{"rendered":"Kontakt DLE"},"content":{"rendered":"\n<h3 class=\"wp-block-heading\">Noranett er tre nettselskaper med kraftnett i nordre Nordland og s\u00f8ndre Troms. <\/h3>\n\n\n\n<p>Etter fusjonen mellom de tre konsernene Nordkraft, Trollfjord og And\u00f8y Energi, er de tre nettselskapene samlet i ett konsern. P\u00e5 grunn av blant annet ulike tariffer, er nettselskapene fortsatt adskilt som juridiske enheter med hvert sitt forsyningsomr\u00e5de. Men for \u00e5 gj\u00f8re det enklere for b\u00e5de kunder&nbsp;og ansatte, er alle selskapene samlet med felles logo.<\/p>\n\n\n\n<p><a rel=\"noreferrer noopener\" href=\"https:\/\/www.noranett.no\/nettjenester-1\/det-lokale-eltilsyn-dle\/kontakt-dle\/\" target=\"_blank\"><strong>Klikk her for kontaktinformasjon til DLE i Noranett AS<\/strong><\/a><\/p>\n","protected":false},"excerpt":{"rendered":"<p>Noranett er tre nettselskaper med kraftnett i nordre Nordland og s\u00f8ndre Troms. Etter fusjonen mellom de tre konsernene Nordkraft, Trollfjord og And\u00f8y Energi, er de tre nettselskapene samlet i ett konsern. P\u00e5 grunn av blant annet ulike tariffer, er nettselskapene fortsatt adskilt som juridiske enheter med hvert sitt forsyningsomr\u00e5de. Men for \u00e5 gj\u00f8re det enklere [&hellip;]<\/p>\n","protected":false},"author":1,"featured_media":1231,"parent":15,"menu_order":2,"comment_status":"closed","ping_status":"closed","template":"","meta":{"_acf_changed":false,"footnotes":""},"class_list":["post-61","page","type-page","status-publish","has-post-thumbnail","hentry"],"acf":[],"_links":{"self":[{"href":"https:\/\/elsikkerhetsportalen.no\/noranett\/wp-json\/wp\/v2\/pages\/61","targetHints":{"allow":["GET"]}}],"collection":[{"href":"https:\/\/elsikkerhetsportalen.no\/noranett\/wp-json\/wp\/v2\/pages"}],"about":[{"href":"https:\/\/elsikkerhetsportalen.no\/noranett\/wp-json\/wp\/v2\/types\/page"}],"author":[{"embeddable":true,"href":"https:\/\/elsikkerhetsportalen.no\/noranett\/wp-json\/wp\/v2\/users\/1"}],"replies":[{"embeddable":true,"href":"https:\/\/elsikkerhetsportalen.no\/noranett\/wp-json\/wp\/v2\/comments?post=61"}],"version-history":[{"count":0,"href":"https:\/\/elsikkerhetsportalen.no\/noranett\/wp-json\/wp\/v2\/pages\/61\/revisions"}],"up":[{"embeddable":true,"href":"https:\/\/elsikkerhetsportalen.no\/noranett\/wp-json\/wp\/v2\/pages\/15"}],"wp:featuredmedia":[{"embeddable":true,"href":"https:\/\/elsikkerhetsportalen.no\/noranett\/wp-json\/wp\/v2\/media\/1231"}],"wp:attachment":[{"href":"https:\/\/elsikkerhetsportalen.no\/noranett\/wp-json\/wp\/v2\/media?parent=61"}],"curies":[{"name":"wp","href":"https:\/\/api.w.org\/{rel}","templated":true}]}}