{"id":1856,"date":"2026-01-16T11:32:02","date_gmt":"2026-01-16T11:32:02","guid":{"rendered":"https:\/\/elsikkerhetsportalen.no\/nordvest\/elektrisk-anlegg\/jording-2\/"},"modified":"2026-01-22T13:40:28","modified_gmt":"2026-01-22T13:40:28","slug":"jording","status":"publish","type":"page","link":"https:\/\/elsikkerhetsportalen.no\/nordvest\/elektrisk-anlegg\/jording\/","title":{"rendered":"Jording og jordfeil"},"content":{"rendered":"<section id=\"scrollable-shortcuts-block_bac86c5147352908f89b70fdca84b239\" class=\"block-section scrollable-shortcuts   align-full\">\n\t<div class=\"grid-container\">\n\t\t<div class=\"grid-x grid-padding-x\">\n\n\t\t\t<header class=\"cell small-12 medium-7\">\n\t\t\t\t\t\t\t\t\t<h1>Jording beskytter hvis str\u00f8m kommer p\u00e5 avveie<\/h1>\n\t\t\t\t\n\t\t\t\t\t\t\t\t\t<p class=\"ingress\">Alle elektriske installasjoner skal ha et jordingsanlegg for \u00e5 beskytte mennesker og dyr mot farlige elektriske str\u00f8mmer som kan oppst\u00e5 ved feil p\u00e5 det elektriske anlegget eller p\u00e5 tilkoblet utstyr. Jording handler om at det elektriske anlegget ditt er koblet til jorden. Ved \u00e5 jorde elektrisk anlegg og utstyr kan farlige situasjoner ved jordfeil unng\u00e5s. Derfor er det viktig at jordingsanlegget er i orden!<\/p>\n\t\t\t\t\n\t\t\t\t\t\t\t\t\t<h2 class=\"shortcuts-title\">Snarveier<span><span class=\"icon icon-arrow-down\"><\/span><\/span><\/h2>\n\t\t\t\t\n\t\t\t\t<nav><ul><li><a href=\"#om-jordfeil\" class=\"link link--underlined\">Alt om jordfeil<\/a><\/li><li><a href=\"#dobbeltisolering\" class=\"link link--underlined\">Dobbeltisolering<\/a><\/li><li><a href=\"#slik-jordes-et-elektrisk-anlegg\" class=\"link link--underlined\">Slik jordes et elektrisk anlegg<\/a><\/li><li><a href=\"#vannror-som-jordelektrode\" class=\"link link--underlined\">Vannr\u00f8r som jordelektrode<\/a><\/li><li><a href=\"#jording-i-driftsbygninger\" class=\"link link--underlined\">Jording i driftsbygnigner<\/a><\/li><li><a href=\"#jordet-eller-ujordet-i-rom\" class=\"link link--underlined\">Jordet eller ujordet<\/a><\/li><\/ul><\/nav>\t\t\t<\/header>\n\n\t\t<\/div>\n\t<\/div>\n<\/section>\n\n\n\n<section id=\"image-content-block_83c5f7a4c443177142ff73cfae7a1fba\" class=\"block-section image-content light  align-full\">\n\t<div class=\"grid-container\" id=\"scrollToMe-om-jordfeil\">\n\n\t\t<div class=\"grid-x grid-padding-x\">\n\n\t\t\t<div class=\"cell small-12 medium-7 content\">\n\t\t\t\t\t\t\t\t\t<h2 class=\"section-title\">Om jordfeil<\/h2>\n\t\t\t\t\n\t\t\t\t\t\t\t\t\t<article><p>Jordfeil kan oppst\u00e5 i varmekabler, lysr\u00f8rarmaturer, varmtvannsberedere, komfyrer, frysere, utvendige skj\u00f8teledning mm. En jordfeil kan oppst\u00e5 i mange ulike deler av det elektriske anlegget og det tilkoblede elektriske utstyret.<\/p>\n<\/article>\n\t\t\t\t\n\t\t\t\t\t\t<a class=\"link link--underlined\" href=\"https:\/\/elsikkerhetsportalen.no\/nordvest\/elektrisk-anlegg\/jording\/jordfeil\/\" target=\"_self\">\n\t\t\tG\u00e5 til siden\t\t<\/a>\n\t\t\t\t\t<div class=\"clearfix\"><\/div>\n\t\t\t\t\n\t\t\t\t\t\t\t\t\n\t\t\t<\/div>\n\n\t\t\t<div class=\"cell small-12 medium-5 image\">\n\t\t\t\t<img loading=\"lazy\" decoding=\"async\" width=\"502\" height=\"335\" src=\"https:\/\/elsikkerhetsportalen.no\/nordvest\/wp-content\/uploads\/sites\/18\/2021\/04\/jordfeilvarsler-502x335.jpg\" class=\"attachment-image-content size-image-content\" alt=\"\" srcset=\"https:\/\/elsikkerhetsportalen.no\/nordvest\/wp-content\/uploads\/sites\/18\/2021\/04\/jordfeilvarsler-502x335.jpg 502w, https:\/\/elsikkerhetsportalen.no\/nordvest\/wp-content\/uploads\/sites\/18\/2021\/04\/jordfeilvarsler-300x200.jpg 300w, https:\/\/elsikkerhetsportalen.no\/nordvest\/wp-content\/uploads\/sites\/18\/2021\/04\/jordfeilvarsler.jpg 600w\" sizes=\"auto, (max-width: 502px) 100vw, 502px\" \/>\n\t\t\t<\/div>\n\n\t\t<\/div>\n\n\t\t\t\t\n\t<\/div>\n<\/section>\n\n\n\n<section id=\"image-content-block_06ed6762351521f6df1cad5ed259341c\" class=\"block-section image-content dark has-more-content  align-full\">\n\t<div class=\"grid-container\" id=\"scrollToMe-dobbeltisolering\">\n\n\t\t<div class=\"grid-x grid-padding-x\">\n\n\t\t\t<div class=\"cell small-12 medium-7 content\">\n\t\t\t\t\t\t\t\t\t<h2 class=\"section-title\">Dobbeltisolering<\/h2>\n\t\t\t\t\n\t\t\t\t\t\t\t\t\t<article><p>Lamper og annet elektrisk utstyr som er merket dobbeltisolert, trenger ikke tilkobles jord. Bruk av dobbeltisolering betyr at spenningsf\u00f8rende deler er beskyttet med to lag isolasjon.<\/p>\n<\/article>\n\t\t\t\t\n\t\t\t\t\t\t\t\t<div class=\"clearfix\"><\/div>\n\t\t\t\t\n\t\t\t\t\t\t\t\t\n\t\t\t\t\t<a\n\t\t\t\t\t\thref=\"#\"\n\t\t\t\t\t\tclass=\"button-plus content-toggler\"\n\t\t\t\t\t\tdata-initialtext=\"Les mer\"\n\t\t\t\t\t\tdata-toggletext=\"Les mindre\"\n\t\t\t\t\t\tdata-target=\"ic-hidden-block_06ed6762351521f6df1cad5ed259341c\"\n\t\t\t\t\t\trole=\"button\"\n\t\t\t\t\t\trel=\"nofollow\"\n\t\t\t\t\t\taria-label=\"\u00c5pne skjult innhold\"\n\t\t\t\t\t\taria-expanded=\"false\">\n\t\t\t\t\t\t<span>Les mer<\/span>\n\t\t\t\t\t\t<span class=\"icon icon-plus\"><\/span>\n\t\t\t\t\t<\/a>\n\t\t\t\t\n\t\t\t<\/div>\n\n\t\t\t<div class=\"cell small-12 medium-5 image\">\n\t\t\t\t<img loading=\"lazy\" decoding=\"async\" width=\"502\" height=\"335\" src=\"https:\/\/elsikkerhetsportalen.no\/nordvest\/wp-content\/uploads\/2022\/02\/dobbeltisolering-502x335.jpg\" class=\"attachment-image-content size-image-content\" alt=\"\" srcset=\"https:\/\/elsikkerhetsportalen.no\/nordvest\/wp-content\/uploads\/2022\/02\/dobbeltisolering-502x335.jpg 502w, https:\/\/elsikkerhetsportalen.no\/nordvest\/wp-content\/uploads\/2022\/02\/dobbeltisolering-300x200.jpg 300w, https:\/\/elsikkerhetsportalen.no\/nordvest\/wp-content\/uploads\/2022\/02\/dobbeltisolering.jpg 600w\" sizes=\"auto, (max-width: 502px) 100vw, 502px\" \/>\n\t\t\t<\/div>\n\n\t\t<\/div>\n\n\t\t\t\t\t\t<div class=\"grid-x grid-padding-x hidden-more-content\" aria-expanded=\"false\" aria-hidden=\"true\" id=\"ic-hidden-block_06ed6762351521f6df1cad5ed259341c\">\n\t\t\t<div class=\"cell small-12 medium-7 content\">\n\t\t\t\t<article>\n\t\t\t\t<p>Dersom det oppst\u00e5r en feil med det ene isolasjonslaget, er det ett lag til med isolasjon som opprettholder beskyttelsen. Denne metoden benyttes ofte p\u00e5 lamper og mindre elektrisk utstyr for \u00e5 unng\u00e5 at det skal kunne oppst\u00e5 en jordfeil.<\/p>\n<blockquote><p>Dobbeltisolasjon kan alts\u00e5 benyttes som et sikkerhetstiltak i stedet for jording av elektrisk utstyr.<\/p><\/blockquote>\n<p>Deler av den faste elektriske installasjonen kan ogs\u00e5 dobbeltisoleres. Dette kan v\u00e6re et alternativ p\u00e5 steder hvor det av driftsmessige \u00e5rsaker er viktig \u00e5 opprettholde str\u00f8mforsyningen og det derfor ikke er \u00f8nskelig \u00e5 benytte jordfeilbrytere som sikkerhetstiltak.<\/p>\n<p>&nbsp;<\/p>\n\t\t\t\t<\/article>\n\t\t\t<\/div>\n\n\t\t\t<div class=\"cell small-12 medium-5 image\">\n\t\t\t\t\t\t\t<\/div>\n\t\t<\/div>\n\t\t\n\t<\/div>\n<\/section>\n\n\n\n<section id=\"image-content-block_d449ed4564a9801a7996147f4bfa9309\" class=\"block-section image-content none has-more-content  align-full\">\n\t<div class=\"grid-container\" id=\"scrollToMe-slik-jordes-et-elektrisk-anlegg\">\n\n\t\t<div class=\"grid-x grid-padding-x\">\n\n\t\t\t<div class=\"cell small-12 medium-7 content\">\n\t\t\t\t\t\t\t\t\t<h2 class=\"section-title\">Slik jordes et elektrisk anlegg<\/h2>\n\t\t\t\t\n\t\t\t\t\t\t\t\t\t<article><p>Alle r\u00f8rsystemer skal jordes s\u00e5 de ikke blir str\u00f8mf\u00f8rende.<\/p>\n<\/article>\n\t\t\t\t\n\t\t\t\t\t\t\t\t<div class=\"clearfix\"><\/div>\n\t\t\t\t\n\t\t\t\t\t\t\t\t\n\t\t\t\t\t<a\n\t\t\t\t\t\thref=\"#\"\n\t\t\t\t\t\tclass=\"button-plus content-toggler\"\n\t\t\t\t\t\tdata-initialtext=\"Les mer\"\n\t\t\t\t\t\tdata-toggletext=\"Les mindre\"\n\t\t\t\t\t\tdata-target=\"ic-hidden-block_d449ed4564a9801a7996147f4bfa9309\"\n\t\t\t\t\t\trole=\"button\"\n\t\t\t\t\t\trel=\"nofollow\"\n\t\t\t\t\t\taria-label=\"\u00c5pne skjult innhold\"\n\t\t\t\t\t\taria-expanded=\"false\">\n\t\t\t\t\t\t<span>Les mer<\/span>\n\t\t\t\t\t\t<span class=\"icon icon-plus\"><\/span>\n\t\t\t\t\t<\/a>\n\t\t\t\t\n\t\t\t<\/div>\n\n\t\t\t<div class=\"cell small-12 medium-5 image\">\n\t\t\t\t<img loading=\"lazy\" decoding=\"async\" width=\"502\" height=\"261\" src=\"https:\/\/elsikkerhetsportalen.no\/nordvest\/wp-content\/uploads\/sites\/18\/2021\/04\/Jordelektrode-502x261.jpg\" class=\"attachment-image-content size-image-content\" alt=\"Illustrasjon av jordingsanlegg\" srcset=\"https:\/\/elsikkerhetsportalen.no\/nordvest\/wp-content\/uploads\/sites\/18\/2021\/04\/Jordelektrode-502x261.jpg 502w, https:\/\/elsikkerhetsportalen.no\/nordvest\/wp-content\/uploads\/sites\/18\/2021\/04\/Jordelektrode-300x156.jpg 300w, https:\/\/elsikkerhetsportalen.no\/nordvest\/wp-content\/uploads\/sites\/18\/2021\/04\/Jordelektrode.jpg 728w\" sizes=\"auto, (max-width: 502px) 100vw, 502px\" \/>\n\t\t\t<\/div>\n\n\t\t<\/div>\n\n\t\t\t\t\t\t<div class=\"grid-x grid-padding-x hidden-more-content\" aria-expanded=\"false\" aria-hidden=\"true\" id=\"ic-hidden-block_d449ed4564a9801a7996147f4bfa9309\">\n\t\t\t<div class=\"cell small-12 medium-7 content\">\n\t\t\t\t<article>\n\t\t\t\t<p>Alle ledende r\u00f8rsystemer og bygningskonstruksjoner skal tilkobles jordingsanlegget. Dette kan omfatte <a href=\"#vannror-jordelektrode\">vannr\u00f8r<\/a>, avl\u00f8psr\u00f8r, ventilasjonsr\u00f8r, st\u00e5lkonstruksjoner, osv. <a href=\"#landbruk-jording\">Sjekk ut jording i driftsbygninger.<\/a><\/p>\n<p><!-- \/wp:paragraph --> <!-- wp:paragraph --><\/p>\n<p>Dersom det oppst\u00e5r en feil (jordfeil) som medf\u00f8rer at metalliske deler av apparater eller r\u00f8rsystemer blir str\u00f8mf\u00f8rende, vil det kunne v\u00e6re farlig \u00e5 ber\u00f8re disse. Ved \u00e5 koble disse delene sammen i et jordingsanlegg reduseres faren for\u00a0\u00e5 f\u00e5 str\u00f8mst\u00f8t. Det er derfor viktig at jordelektroden, jordledninger og andre forbindelser er i god stand.<\/p>\n\t\t\t\t<\/article>\n\t\t\t<\/div>\n\n\t\t\t<div class=\"cell small-12 medium-5 image\">\n\t\t\t\t\t\t\t<\/div>\n\t\t<\/div>\n\t\t\n\t<\/div>\n<\/section>\n\n\n\n<section id=\"image-content-block_be186219aacf81235ae3e8e8c154ce6a\" class=\"block-section image-content light has-more-content  align-full\">\n\t<div class=\"grid-container\" id=\"scrollToMe-vannror-som-jordelektrode\">\n\n\t\t<div class=\"grid-x grid-padding-x\">\n\n\t\t\t<div class=\"cell small-12 medium-7 content\">\n\t\t\t\t\t\t\t\t\t<h2 class=\"section-title\">Vannr\u00f8r som jordelektrode<\/h2>\n\t\t\t\t\n\t\t\t\t\t\t\t\t\t<article><p>Metalliske vannr\u00f8r har gjerne blitt brukt som jordelektroder. Byttes gamle vannr\u00f8r ut til plastr\u00f8r, m\u00e5 det settes inn en annen jordelektrode.<\/p>\n<\/article>\n\t\t\t\t\n\t\t\t\t\t\t\t\t<div class=\"clearfix\"><\/div>\n\t\t\t\t\n\t\t\t\t\t\t\t\t\n\t\t\t\t\t<a\n\t\t\t\t\t\thref=\"#\"\n\t\t\t\t\t\tclass=\"button-plus content-toggler\"\n\t\t\t\t\t\tdata-initialtext=\"Les mer\"\n\t\t\t\t\t\tdata-toggletext=\"Les mindre\"\n\t\t\t\t\t\tdata-target=\"ic-hidden-block_be186219aacf81235ae3e8e8c154ce6a\"\n\t\t\t\t\t\trole=\"button\"\n\t\t\t\t\t\trel=\"nofollow\"\n\t\t\t\t\t\taria-label=\"\u00c5pne skjult innhold\"\n\t\t\t\t\t\taria-expanded=\"false\">\n\t\t\t\t\t\t<span>Les mer<\/span>\n\t\t\t\t\t\t<span class=\"icon icon-plus\"><\/span>\n\t\t\t\t\t<\/a>\n\t\t\t\t\n\t\t\t<\/div>\n\n\t\t\t<div class=\"cell small-12 medium-5 image\">\n\t\t\t\t<img loading=\"lazy\" decoding=\"async\" width=\"502\" height=\"376\" src=\"https:\/\/elsikkerhetsportalen.no\/nordvest\/wp-content\/uploads\/sites\/18\/2021\/06\/Jording2-502x376.jpg\" class=\"attachment-image-content size-image-content\" alt=\"\" srcset=\"https:\/\/elsikkerhetsportalen.no\/nordvest\/wp-content\/uploads\/sites\/18\/2021\/06\/Jording2-502x376.jpg 502w, https:\/\/elsikkerhetsportalen.no\/nordvest\/wp-content\/uploads\/sites\/18\/2021\/06\/Jording2-300x225.jpg 300w, https:\/\/elsikkerhetsportalen.no\/nordvest\/wp-content\/uploads\/sites\/18\/2021\/06\/Jording2-1024x768.jpg 1024w, https:\/\/elsikkerhetsportalen.no\/nordvest\/wp-content\/uploads\/sites\/18\/2021\/06\/Jording2-768x576.jpg 768w, https:\/\/elsikkerhetsportalen.no\/nordvest\/wp-content\/uploads\/sites\/18\/2021\/06\/Jording2-1536x1152.jpg 1536w, https:\/\/elsikkerhetsportalen.no\/nordvest\/wp-content\/uploads\/sites\/18\/2021\/06\/Jording2-2048x1536.jpg 2048w, https:\/\/elsikkerhetsportalen.no\/nordvest\/wp-content\/uploads\/sites\/18\/2021\/06\/Jording2-397x296.jpg 397w\" sizes=\"auto, (max-width: 502px) 100vw, 502px\" \/>\n\t\t\t<\/div>\n\n\t\t<\/div>\n\n\t\t\t\t\t\t<div class=\"grid-x grid-padding-x hidden-more-content\" aria-expanded=\"false\" aria-hidden=\"true\" id=\"ic-hidden-block_be186219aacf81235ae3e8e8c154ce6a\">\n\t\t\t<div class=\"cell small-12 medium-7 content\">\n\t\t\t\t<article>\n\t\t\t\t<p>I dag byttes stadig flere av de gamle metalliske vannr\u00f8rene ut med vannr\u00f8r i plast og dermed forsvinner ogs\u00e5 forbindelsen til jord. Det er viktig \u00e5 ta dette med i betraktningen dersom du skal skifte vannr\u00f8r inn til din bolig.\u00a0<strong>Jordelektroden m\u00e5 ha tilfredsstillende kvalitet og\u00a0v\u00e6re varig\u00a0holdbare.<\/strong>\u00a0Gamle, utrangerte vannledninger av jern anses\u00a0ikke som varig holdbare og kan derfor ikke lenger benyttes som jordelektrode etter at de tas ut av bruk.<\/p>\n<p><!-- \/wp:paragraph --> <!-- wp:paragraph --><\/p>\n<p>Gamle vannledninger av kobber kan ha tilfredsstillende kvalitet og kan i enkelte tilfeller benyttes videre som jordelektrode n\u00e5r de ikke lenger benyttes som vannr\u00f8r.\u00a0 I de fleste tilfeller vil det imidlertid v\u00e6re mest hensiktsmessig \u00e5 legge ned en ny jordlektrode i form av en kobberline i de gr\u00f8ftene som graves i sammenheng med utskifting av vannr\u00f8r. Best resultat oppn\u00e5s dersom kobberlinen legges rundt huset. Dette\u00a0er gjerne aktuelt der det etableres ny drenering.<\/p>\n<p><!-- \/wp:paragraph --> <!-- wp:paragraph --><\/p>\n<p>Dersom du har et gammelt hus, og g\u00e5r med planer om utskifting av gamle vannr\u00f8r eller graving av ny drenering, b\u00f8r du\u00a0kontakte en elektriker for \u00e5 f\u00e5 r\u00e5d og hjelp til sikre at jordingsanlegget blir best mulig.<\/p>\n\t\t\t\t<\/article>\n\t\t\t<\/div>\n\n\t\t\t<div class=\"cell small-12 medium-5 image\">\n\t\t\t\t\t\t\t<\/div>\n\t\t<\/div>\n\t\t\n\t<\/div>\n<\/section>\n\n\n\n<section id=\"image-content-block_94e4ca1ee4699902aa449cecba2e29df\" class=\"block-section image-content dark has-more-content  align-full\">\n\t<div class=\"grid-container\" id=\"scrollToMe-jording-i-driftsbygninger\">\n\n\t\t<div class=\"grid-x grid-padding-x\">\n\n\t\t\t<div class=\"cell small-12 medium-7 content\">\n\t\t\t\t\t\t\t\t\t<h2 class=\"section-title\">Jording i driftsbygninger<\/h2>\n\t\t\t\t\n\t\t\t\t\t\t\t\t\t<article><p>\u200bHusdyr t\u00e5ler lavere ber\u00f8ringsspenninger enn mennesker. De oppholder seg i tillegg\u00a0i rom hvor\u00a0de fort kommer i kontakt med jord. Det stilles derfor krav til gode l\u00f8sninger for jording og utjevningsforbindelser i husdyrrom.<\/p>\n<\/article>\n\t\t\t\t\n\t\t\t\t\t\t\t\t<div class=\"clearfix\"><\/div>\n\t\t\t\t\n\t\t\t\t\t\t\t\t\n\t\t\t\t\t<a\n\t\t\t\t\t\thref=\"#\"\n\t\t\t\t\t\tclass=\"button-plus content-toggler\"\n\t\t\t\t\t\tdata-initialtext=\"Les mer\"\n\t\t\t\t\t\tdata-toggletext=\"Les mindre\"\n\t\t\t\t\t\tdata-target=\"ic-hidden-block_94e4ca1ee4699902aa449cecba2e29df\"\n\t\t\t\t\t\trole=\"button\"\n\t\t\t\t\t\trel=\"nofollow\"\n\t\t\t\t\t\taria-label=\"\u00c5pne skjult innhold\"\n\t\t\t\t\t\taria-expanded=\"false\">\n\t\t\t\t\t\t<span>Les mer<\/span>\n\t\t\t\t\t\t<span class=\"icon icon-plus\"><\/span>\n\t\t\t\t\t<\/a>\n\t\t\t\t\n\t\t\t<\/div>\n\n\t\t\t<div class=\"cell small-12 medium-5 image\">\n\t\t\t\t<img loading=\"lazy\" decoding=\"async\" width=\"502\" height=\"335\" src=\"https:\/\/elsikkerhetsportalen.no\/nordvest\/wp-content\/uploads\/2021\/11\/Landbruk-600x400-1-502x335.png\" class=\"attachment-image-content size-image-content\" alt=\"Bilde viser en ung bonde som er opptatt av elsikkerhet i landbruket\" srcset=\"https:\/\/elsikkerhetsportalen.no\/nordvest\/wp-content\/uploads\/2021\/11\/Landbruk-600x400-1-502x335.png 502w, https:\/\/elsikkerhetsportalen.no\/nordvest\/wp-content\/uploads\/2021\/11\/Landbruk-600x400-1-300x200.png 300w, https:\/\/elsikkerhetsportalen.no\/nordvest\/wp-content\/uploads\/2021\/11\/Landbruk-600x400-1.png 600w\" sizes=\"auto, (max-width: 502px) 100vw, 502px\" \/>\n\t\t\t<\/div>\n\n\t\t<\/div>\n\n\t\t\t\t\t\t<div class=\"grid-x grid-padding-x hidden-more-content\" aria-expanded=\"false\" aria-hidden=\"true\" id=\"ic-hidden-block_94e4ca1ee4699902aa449cecba2e29df\">\n\t\t\t<div class=\"cell small-12 medium-7 content\">\n\t\t\t\t<article>\n\t\t\t\t<ul>\n<li>Alle metalliske deler, som r\u00f8r, rister og innredning som kan ber\u00f8res av husdyr, skal tilkobles jordingsanlegget.<\/li>\n<li>Jordingsanlegget trenger regelmessig ettersyn.<\/li>\n<li>P\u00e5 nyere anlegg skal det finnes dokumentasjon over jordingsanlegget.<\/li>\n<\/ul>\n\t\t\t\t<\/article>\n\t\t\t<\/div>\n\n\t\t\t<div class=\"cell small-12 medium-5 image\">\n\t\t\t\t\t\t\t<\/div>\n\t\t<\/div>\n\t\t\n\t<\/div>\n<\/section>\n\n\n\n<section id=\"image-content-block_ecbe7cb880a996b77d41c9abd3cfb777\" class=\"block-section image-content light  align-full\">\n\t<div class=\"grid-container\" id=\"scrollToMe-jordet-eller-ujordet-i-rom\">\n\n\t\t<div class=\"grid-x grid-padding-x\">\n\n\t\t\t<div class=\"cell small-12 medium-7 content\">\n\t\t\t\t\t\t\t\t\t<h2 class=\"section-title\">Jordet eller ujordet i rom<\/h2>\n\t\t\t\t\n\t\t\t\t\t\t\t\t\t<article><p>Du er ikke alene hvis du er forvirret over at noen kontakter er jordet, mens andre er ujordet. Og har det egentlig noe \u00e5 si? Svaret p\u00e5 det er ja.<\/p>\n<\/article>\n\t\t\t\t\n\t\t\t\t\t\t<a class=\"link link--underlined\" href=\"https:\/\/elsikkerhetsportalen.no\/nordvest\/jordet-eller-ujordet\/\" target=\"_self\">\n\t\t\tJordet eller ujordet\t\t<\/a>\n\t\t\t\t\t<div class=\"clearfix\"><\/div>\n\t\t\t\t\n\t\t\t\t\t\t\t\t\n\t\t\t<\/div>\n\n\t\t\t<div class=\"cell small-12 medium-5 image\">\n\t\t\t\t<img loading=\"lazy\" decoding=\"async\" width=\"502\" height=\"335\" src=\"https:\/\/elsikkerhetsportalen.no\/nordvest\/wp-content\/uploads\/sites\/18\/2021\/04\/jordet-502x335.jpg\" class=\"attachment-image-content size-image-content\" alt=\"\" srcset=\"https:\/\/elsikkerhetsportalen.no\/nordvest\/wp-content\/uploads\/sites\/18\/2021\/04\/jordet-502x335.jpg 502w, https:\/\/elsikkerhetsportalen.no\/nordvest\/wp-content\/uploads\/sites\/18\/2021\/04\/jordet-300x200.jpg 300w, https:\/\/elsikkerhetsportalen.no\/nordvest\/wp-content\/uploads\/sites\/18\/2021\/04\/jordet.jpg 600w\" sizes=\"auto, (max-width: 502px) 100vw, 502px\" \/>\n\t\t\t<\/div>\n\n\t\t<\/div>\n\n\t\t\t\t\n\t<\/div>\n<\/section>\n","protected":false},"excerpt":{"rendered":"","protected":false},"author":1,"featured_media":450,"parent":8,"menu_order":2,"comment_status":"closed","ping_status":"closed","template":"","meta":{"_acf_changed":false,"footnotes":""},"class_list":["post-1856","page","type-page","status-publish","has-post-thumbnail","hentry"],"acf":[],"_links":{"self":[{"href":"https:\/\/elsikkerhetsportalen.no\/nordvest\/wp-json\/wp\/v2\/pages\/1856","targetHints":{"allow":["GET"]}}],"collection":[{"href":"https:\/\/elsikkerhetsportalen.no\/nordvest\/wp-json\/wp\/v2\/pages"}],"about":[{"href":"https:\/\/elsikkerhetsportalen.no\/nordvest\/wp-json\/wp\/v2\/types\/page"}],"author":[{"embeddable":true,"href":"https:\/\/elsikkerhetsportalen.no\/nordvest\/wp-json\/wp\/v2\/users\/1"}],"replies":[{"embeddable":true,"href":"https:\/\/elsikkerhetsportalen.no\/nordvest\/wp-json\/wp\/v2\/comments?post=1856"}],"version-history":[{"count":0,"href":"https:\/\/elsikkerhetsportalen.no\/nordvest\/wp-json\/wp\/v2\/pages\/1856\/revisions"}],"up":[{"embeddable":true,"href":"https:\/\/elsikkerhetsportalen.no\/nordvest\/wp-json\/wp\/v2\/pages\/8"}],"wp:featuredmedia":[{"embeddable":true,"href":"https:\/\/elsikkerhetsportalen.no\/nordvest\/wp-json\/wp\/v2\/media\/450"}],"wp:attachment":[{"href":"https:\/\/elsikkerhetsportalen.no\/nordvest\/wp-json\/wp\/v2\/media?parent=1856"}],"curies":[{"name":"wp","href":"https:\/\/api.w.org\/{rel}","templated":true}]}}