{"id":6,"date":"2021-02-03T18:27:47","date_gmt":"2021-02-03T18:27:47","guid":{"rendered":"http:\/\/elsikkerhetsportalen.no\/nordvest\/?page_id=6"},"modified":"2021-02-03T21:45:50","modified_gmt":"2021-02-03T21:45:50","slug":"personvern","status":"publish","type":"page","link":"https:\/\/elsikkerhetsportalen.no\/nordvest\/personvern\/","title":{"rendered":"Personvern"},"content":{"rendered":"\n<p>Elsikkerhet Norge AS (org.nr. 987 290 994) samler ikke inn personopplysninger fra bes\u00f8kende p\u00e5 v\u00e5r nettside, www.elsikkerhetsportalene.no Henvendelser til oss p\u00e5 e-post blir behandlet i henhold til v\u00e5r interne rutine for personopplysninger. \u00d8nsker du mer informasjon,&nbsp;<a href=\"mailto:post@elsikkerhetnorge.no\">send oss e-post<\/a>. Vi gj\u00f8r oppmerksom p\u00e5 at vi linker fra nettsiden v\u00e5r til andre nettsteder. Vi tar ikke ansvar for person og informasjonskapsler p\u00e5 disse sidene.<\/p>\n\n\n\n<h4 class=\"wp-block-heading\">Informasjonskapsler<\/h4>\n\n\n\n<p>Informasjonskapsler (cookies) er sm\u00e5 tekstfiler som plasseres p\u00e5 din datamaskin n\u00e5r du laster ned en nettside.<\/p>\n\n\n\n<p>Lagring av opplysninger og behandling av disse opplysningene er ikke tillatt med mindre bruker b\u00e5de har blitt informert om og har gitt sitt samtykke til behandlingen. Brukeren skal f\u00e5 vite om og godkjenne hvilke opplysninger som behandles, hva form\u00e5let med behandlingen er og hvem som behandler opplysningene, jf. Ekomloven \u00a7 2-7b.<\/p>\n\n\n\n<h4 class=\"wp-block-heading\">Internettstatistikk<\/h4>\n\n\n\n<p>Vi samler inn avidentifiserte opplysninger om bes\u00f8kende p\u00e5 v\u00e5rt nettsted med Google Analytics. Form\u00e5let med dette er \u00e5 utarbeide statistikk som vi bruker til \u00e5 forbedre og videreutvikle informasjonstilbudet p\u00e5 nettstedet. Eksempler p\u00e5 hva statistikken gir svar p\u00e5, er hvor mange som bes\u00f8ker ulike sider, hvor lenge bes\u00f8ket varer, hvilke nettsteder brukerne kommer fra og hvilke nettlesere som benyttes.<\/p>\n\n\n\n<p>Opplysningene behandles i avidentifisert og aggregert form. Med avidentifisert menes at vi ikke kan spore opplysningene vi samler inn tilbake til den enkelte bruker. Vi samler inn hele IP-adressen, men IP-adressen avidentifiseres slik at bare de tre f\u00f8rste gruppene i adressen brukes til \u00e5 generere statistikk. Det vil si at dersom IP-adressen best\u00e5r av numrene 123.456.789.123, brukes bare 123.456.789.XXX. I tillegg behandles IP-adressene p\u00e5 aggregert niv\u00e5, det vil si at all data sl\u00e5s sammen til en gruppe og ikke behandles individuelt.<\/p>\n\n\n\n<h4 class=\"wp-block-heading\">Administrasjon av v\u00e5r nettside<\/h4>\n\n\n\n<p>Vi administrerer verkt\u00f8y for m\u00e5ling og sporing ved hjelp av et Tag Management System: Google Tag Manager.<\/p>\n\n\n\n<h4 class=\"wp-block-heading\">Informasjonskapsler Google Analytics<\/h4>\n\n\n\n<p>Analyseverkt\u00f8yet Google Analytics plasserer informasjonskapsler p\u00e5 din maskin). Dette gj\u00f8res for at vi skal kunne samle inn statistikk, og slettes etter 90 dager. Du kan lese mer om nettstatistikk over.<\/p>\n\n\n\n<h4 class=\"wp-block-heading\">Informasjonskapsler WordPress<\/h4>\n\n\n\n<p>V\u00e5r publiseringsl\u00f8sning (CMS) plasserer to informasjonskapsler p\u00e5 din maskin. Disse brukes i forbindelse med innsending av skjemaer, og slettes etter 90 dager.<\/p>\n\n\n\n<h4 class=\"wp-block-heading\">Skru av informasjonskapsler i din nettleser<\/h4>\n\n\n\n<p>Du kan velge bort Googles bruk av informasjonskapsler ved \u00e5 g\u00e5 til Googles&nbsp;<a href=\"https:\/\/www.google.com\/settings\/ads\">Annonseinnstillinger<\/a>. Du kan ogs\u00e5 velge bort en tredjepartsleverand\u00f8rs bruk av informasjonskapsler ved \u00e5 g\u00e5 til&nbsp;<a href=\"http:\/\/optout.networkadvertising.org\/?c=1#!\/\">bortvalgssiden for Network Advertising Initiative<\/a>.<\/p>\n\n\n\n<p><a href=\"https:\/\/nettvett.no\/slik-administrer-du-informasjonskapsler\/\">Slik administrerer du informasjonskapsler (nettvett.no)<\/a><\/p>\n\n\n\n<h4 class=\"wp-block-heading\">Informasjonskapsler<\/h4>\n\n\n\n<p>Informasjonskapsler (cookies) er sm\u00e5 tekstfiler som plasseres p\u00e5 din datamaskin n\u00e5r du laster ned en nettside.<\/p>\n\n\n\n<p>Lagring av opplysninger og behandling av disse opplysningene er ikke tillatt med mindre bruker b\u00e5de har blitt informert om og har gitt sitt samtykke til behandlingen. Brukeren skal f\u00e5 vite om og godkjenne hvilke opplysninger som behandles, hva form\u00e5let med behandlingen er og hvem som behandler opplysningene, jf. Ekomloven \u00a7 2-7b.<\/p>\n\n\n<script\n\t\ttype=\"text\/javascript\"\n\t\tid=\"CookieDeclaration\"\n\t\tsrc=\"https:\/\/consent.cookiebot.com\/355be380-e814-499d-a93d-12701b8617c0\/cd.js\"\n\t\t\tdata-culture=\"NB\"\n\t\tasync><\/script>\n\n\n\n\n<h4 class=\"wp-block-heading\">Internettstatistikk<\/h4>\n\n\n\n<p>Vi samler inn avidentifiserte opplysninger om bes\u00f8kende p\u00e5 v\u00e5rt nettsted med Google Analytics. Form\u00e5let med dette er \u00e5 utarbeide statistikk som vi bruker til \u00e5 forbedre og videreutvikle informasjonstilbudet p\u00e5 nettstedet. Eksempler p\u00e5 hva statistikken gir svar p\u00e5, er hvor mange som bes\u00f8ker ulike sider, hvor lenge bes\u00f8ket varer, hvilke nettsteder brukerne kommer fra og hvilke nettlesere som benyttes.<\/p>\n\n\n\n<p>Opplysningene behandles i avidentifisert og aggregert form. Med avidentifisert menes at vi ikke kan spore opplysningene vi samler inn tilbake til den enkelte bruker. Vi samler inn hele IP-adressen, men IP-adressen avidentifiseres slik at bare de tre f\u00f8rste gruppene i adressen brukes til \u00e5 generere statistikk. Det vil si at dersom IP-adressen best\u00e5r av numrene 123.456.789.123, brukes bare 123.456.789.XXX. I tillegg behandles IP-adressene p\u00e5 aggregert niv\u00e5, det vil si at all data sl\u00e5s sammen til en gruppe og ikke behandles individuelt.<\/p>\n\n\n\n<h4 class=\"wp-block-heading\">Administrasjon av v\u00e5r nettside<\/h4>\n\n\n\n<p>Vi administrerer verkt\u00f8y for m\u00e5ling og sporing ved hjelp av et Tag Management System: Google Tag Manager.<\/p>\n\n\n\n<h4 class=\"wp-block-heading\">Informasjonskapsler Google Analytics<\/h4>\n\n\n\n<p>Analyseverkt\u00f8yet Google Analytics plasserer informasjonskapsler p\u00e5 din maskin). Dette gj\u00f8res for at vi skal kunne samle inn statistikk, og slettes etter 90 dager. Du kan lese mer om nettstatistikk over.<\/p>\n\n\n\n<h4 class=\"wp-block-heading\">Informasjonskapsler WordPress<\/h4>\n\n\n\n<p>V\u00e5r publiseringsl\u00f8sning (CMS) plasserer to informasjonskapsler p\u00e5 din maskin. Disse brukes i forbindelse med innsending av skjemaer, og slettes etter 90 dager.<\/p>\n\n\n\n<h4 class=\"wp-block-heading\">Skru av informasjonskapsler i din nettleser<\/h4>\n\n\n\n<p>Du kan velge bort Googles bruk av informasjonskapsler ved \u00e5 g\u00e5 til Googles&nbsp;<a href=\"https:\/\/www.google.com\/settings\/ads\">Annonseinnstillinger<\/a>. Du kan ogs\u00e5 velge bort en tredjepartsleverand\u00f8rs bruk av informasjonskapsler ved \u00e5 g\u00e5 til&nbsp;<a href=\"http:\/\/optout.networkadvertising.org\/?c=1#!\/\">bortvalgssiden for Network Advertising Initiative<\/a>.<\/p>\n\n\n\n<p><a href=\"https:\/\/nettvett.no\/slik-administrer-du-informasjonskapsler\/\">Slik administrerer du informasjonskapsler (nettvett.no)<\/a><\/p>\n","protected":false},"excerpt":{"rendered":"<p>Elsikkerhet Norge AS (org.nr. 987 290 994) samler ikke inn personopplysninger fra bes\u00f8kende p\u00e5 v\u00e5r nettside, www.elsikkerhetsportalene.no Henvendelser til oss p\u00e5 e-post blir behandlet i henhold til v\u00e5r interne rutine for personopplysninger. \u00d8nsker du mer informasjon,&nbsp;send oss e-post. Vi gj\u00f8r oppmerksom p\u00e5 at vi linker fra nettsiden v\u00e5r til andre nettsteder. Vi tar ikke ansvar [&hellip;]<\/p>\n","protected":false},"author":1,"featured_media":0,"parent":0,"menu_order":1,"comment_status":"closed","ping_status":"closed","template":"","meta":{"_acf_changed":false,"footnotes":""},"class_list":["post-6","page","type-page","status-publish","hentry"],"acf":[],"_links":{"self":[{"href":"https:\/\/elsikkerhetsportalen.no\/nordvest\/wp-json\/wp\/v2\/pages\/6","targetHints":{"allow":["GET"]}}],"collection":[{"href":"https:\/\/elsikkerhetsportalen.no\/nordvest\/wp-json\/wp\/v2\/pages"}],"about":[{"href":"https:\/\/elsikkerhetsportalen.no\/nordvest\/wp-json\/wp\/v2\/types\/page"}],"author":[{"embeddable":true,"href":"https:\/\/elsikkerhetsportalen.no\/nordvest\/wp-json\/wp\/v2\/users\/1"}],"replies":[{"embeddable":true,"href":"https:\/\/elsikkerhetsportalen.no\/nordvest\/wp-json\/wp\/v2\/comments?post=6"}],"version-history":[{"count":0,"href":"https:\/\/elsikkerhetsportalen.no\/nordvest\/wp-json\/wp\/v2\/pages\/6\/revisions"}],"wp:attachment":[{"href":"https:\/\/elsikkerhetsportalen.no\/nordvest\/wp-json\/wp\/v2\/media?parent=6"}],"curies":[{"name":"wp","href":"https:\/\/api.w.org\/{rel}","templated":true}]}}