{"id":60,"date":"2021-02-03T21:37:30","date_gmt":"2021-02-03T21:37:30","guid":{"rendered":"http:\/\/elsikkerhetsportalen.no\/nordvest\/?page_id=60"},"modified":"2021-09-23T12:48:48","modified_gmt":"2021-09-23T12:48:48","slug":"om-dle","status":"publish","type":"page","link":"https:\/\/elsikkerhetsportalen.no\/nordvest\/dle\/om-dle\/","title":{"rendered":"Om DLE"},"content":{"rendered":"<section id=\"scrollable-shortcuts-block_608138e1c9d39\" class=\"block-section scrollable-shortcuts   align-full\">\n\t<div class=\"grid-container\">\n\t\t<div class=\"grid-x grid-padding-x\">\n\n\t\t\t<header class=\"cell small-12 medium-7\">\n\t\t\t\t\t\t\t\t\t<h1>Det lokale eltilsyn<\/h1>\n\t\t\t\t\n\t\t\t\t\t\t\t\t\t<p class=\"ingress\">Det lokale eltilsyn (DLE) er en del av nettselskapene. Deres oppgave er \u00e5 redusere antall skader og ulykker med elektrisk \u00e5rsak. Nettselskapene er p\u00e5lagt \u00e5 f\u00f8re tilsyn med elektriske anlegg innenfor sitt forsyningsomr\u00e5de. DLE er en del av det offentlige tilsynsapparatet for elsikkerhet, og ut\u00f8ver tilsyn p\u00e5 vegne av Direktoratet for samfunnssikkerhet og beredskap (DSB).<\/p>\n\t\t\t\t\n\t\t\t\t\t\t\t\t\t<h2 class=\"shortcuts-title\">Snarveier<span><span class=\"icon icon-arrow-down\"><\/span><\/span><\/h2>\n\t\t\t\t\n\t\t\t\t<nav><ul><li><a href=\"#oppgavene-til-dle\" class=\"link link--underlined\">Oppgavene<\/a><\/li><li><a href=\"#dle-som-en-del-av-offentlig-forvaltning\" class=\"link link--underlined\">Offentlig forvaltning<\/a><\/li><\/ul><\/nav>\t\t\t<\/header>\n\n\t\t<\/div>\n\t<\/div>\n<\/section>\n\n\n\n<section id=\"image-content-block_60813a00c9d3a\" class=\"block-section image-content light smaller-fonts no-image has-more-content  align-full\">\n\t<div class=\"grid-container\" id=\"scrollToMe-oppgavene-til-dle\">\n\n\t\t<div class=\"grid-x grid-padding-x\">\n\n\t\t\t<div class=\"cell small-12 medium-7 content\">\n\t\t\t\t\t\t\t\t\t<h2 class=\"section-title\">Oppgavene til DLE<\/h2>\n\t\t\t\t\n\t\t\t\t\t\t\t\t\t<article><p>Med utgangspunkt i \u00e5rlige instrukser fra DSB, og lokale risikovurderinger, utarbeider DLE hvert \u00e5r planer for tilsynsarbeidet. Oppgavene nedenfor vil v\u00e6re en del av den \u00e5rlige tilsynsplanen.<\/p>\n<\/article>\n\t\t\t\t\n\t\t\t\t\t\t\t\t<div class=\"clearfix\"><\/div>\n\t\t\t\t\n\t\t\t\t\t\t\t\t\n\t\t\t\t\t<a\n\t\t\t\t\t\thref=\"#\"\n\t\t\t\t\t\tclass=\"button-plus content-toggler\"\n\t\t\t\t\t\tdata-initialtext=\"Les mer\"\n\t\t\t\t\t\tdata-toggletext=\"Les mindre\"\n\t\t\t\t\t\tdata-target=\"ic-hidden-block_60813a00c9d3a\"\n\t\t\t\t\t\trole=\"button\"\n\t\t\t\t\t\trel=\"nofollow\"\n\t\t\t\t\t\taria-label=\"\u00c5pne skjult innhold\"\n\t\t\t\t\t\taria-expanded=\"false\">\n\t\t\t\t\t\t<span>Les mer<\/span>\n\t\t\t\t\t\t<span class=\"icon icon-plus\"><\/span>\n\t\t\t\t\t<\/a>\n\t\t\t\t\n\t\t\t<\/div>\n\n\t\t\t<div class=\"cell small-12 medium-5 image\">\n\t\t\t\t\t\t\t\t\t\n\t\t\t\t\t\n\t\t\t\t\n\t\t\t<\/div>\n\n\t\t<\/div>\n\n\t\t\t\t\t\t<div class=\"grid-x grid-padding-x hidden-more-content\" aria-expanded=\"false\" aria-hidden=\"true\" id=\"ic-hidden-block_60813a00c9d3a\">\n\t\t\t<div class=\"cell small-12 medium-7 content\">\n\t\t\t\t<article>\n\t\t\t\t<ul>\n<li>Utf\u00f8re stikkpr\u00f8vekontroller av elektriske anlegg og elektrisk utstyr i nye og gamle boliger og fritidsboliger.<\/li>\n<li>Utf\u00f8re tilsyn med virksomheter med fokus p\u00e5 virksomhetens internkontroll, herunder ettersyn med at virksomheter har gode rutiner for \u00e5 forebygge brann og ulykker med elektriske \u00e5rsak. I sammenheng med virksomhetstilsyn utf\u00f8res det ogs\u00e5 stikkpr\u00f8vekontroll av virksomhetens elektriske anlegg.<\/li>\n<li>Utf\u00f8re tilsyn med elvirksomheter (elektroinstallat\u00f8rer) som planlegger, utf\u00f8rer og reparerer elektriske anlegg. Dette inneb\u00e6rer ogs\u00e5 stikkpr\u00f8vekontroller av de installasjonsarbeidene disse virksomhetene utf\u00f8rer. Virksomhetene skal ha regelmessige tilsynsbes\u00f8k fra DLE for \u00e5 sikre at de har n\u00f8dvendig kompetanse og rutiner for \u00e5 utf\u00f8re arbeidene p\u00e5 en trygg m\u00e5te.<\/li>\n<li>Utf\u00f8re tilsyn med institusjoner og virksomheter som benytter elektromedisinsk utstyr\u00a0for \u00e5 sikre at utstyret brukes, kontrolleres og vedlikeholdes p\u00e5 en m\u00e5te som ivaretar sikkerheten b\u00e5de for pasienter og pleiepersonell.<\/li>\n<li>Utf\u00f8re tilsyn med virksomheter som omsetter elektrisk utstyr\u00a0for \u00e5 sikre at omsetningen foreg\u00e5r i henhold til lover og forskrifter og at utstyret som omsettes har n\u00f8dvendig sikkerhetsniv\u00e5 (markedskontroll).<\/li>\n<li>Bist\u00e5 politiet<a href=\"https:\/\/www.elsikkerhetsportalen.no\/om-det-lokale-eltilsyn\/brannetterforskning\/\" target=\"_blank\" rel=\"noreferrer noopener\" aria-label=\" (\u00e5pner i en ny fane)\">\u00a0<\/a>ved brann- og ulykkesetterforskninger.<\/li>\n<li>Tilby informasjon og r\u00e5d\u00a0til nettselskapets kunder, skoleungdom og elektrobransjen om elsikkerhet og om \u00e5rsaker til branner og ulykker med elektrisk \u00e5rsak.<\/li>\n<\/ul>\n\t\t\t\t<\/article>\n\t\t\t<\/div>\n\n\t\t\t<div class=\"cell small-12 medium-5 image\">\n\t\t\t\t\t\t\t<\/div>\n\t\t<\/div>\n\t\t\n\t<\/div>\n<\/section>\n\n\n\n<section id=\"image-content-block_6081479ec9d3f\" class=\"block-section image-content dark smaller-fonts no-image has-more-content  align-full\">\n\t<div class=\"grid-container\" id=\"scrollToMe-dle-som-en-del-av-offentlig-forvaltning\">\n\n\t\t<div class=\"grid-x grid-padding-x\">\n\n\t\t\t<div class=\"cell small-12 medium-7 content\">\n\t\t\t\t\t\t\t\t\t<h2 class=\"section-title\">DLE som en del av offentlig forvaltning<\/h2>\n\t\t\t\t\n\t\t\t\t\t\t\t\t\t<article><p>Det lokale eltilsyn (DLE) er en del av den offentlige forvaltningen og er forvaltningsmessig underlagt Direktoratet for samfunnssikkerhet og beredskap (DSB), som igjen er underordnet Justis- og beredskapsdepartementet.<\/p>\n<\/article>\n\t\t\t\t\n\t\t\t\t\t\t\t\t<div class=\"clearfix\"><\/div>\n\t\t\t\t\n\t\t\t\t\t\t\t\t\n\t\t\t\t\t<a\n\t\t\t\t\t\thref=\"#\"\n\t\t\t\t\t\tclass=\"button-plus content-toggler\"\n\t\t\t\t\t\tdata-initialtext=\"Les mer\"\n\t\t\t\t\t\tdata-toggletext=\"Les mindre\"\n\t\t\t\t\t\tdata-target=\"ic-hidden-block_6081479ec9d3f\"\n\t\t\t\t\t\trole=\"button\"\n\t\t\t\t\t\trel=\"nofollow\"\n\t\t\t\t\t\taria-label=\"\u00c5pne skjult innhold\"\n\t\t\t\t\t\taria-expanded=\"false\">\n\t\t\t\t\t\t<span>Les mer<\/span>\n\t\t\t\t\t\t<span class=\"icon icon-plus\"><\/span>\n\t\t\t\t\t<\/a>\n\t\t\t\t\n\t\t\t<\/div>\n\n\t\t\t<div class=\"cell small-12 medium-5 image\">\n\t\t\t\t\t\t\t\t\t\n\t\t\t\t\t\n\t\t\t\t\n\t\t\t<\/div>\n\n\t\t<\/div>\n\n\t\t\t\t\t\t<div class=\"grid-x grid-padding-x hidden-more-content\" aria-expanded=\"false\" aria-hidden=\"true\" id=\"ic-hidden-block_6081479ec9d3f\">\n\t\t\t<div class=\"cell small-12 medium-7 content\">\n\t\t\t\t<article>\n\t\t\t\t<h3>Justis- og beredskapsdepartementet<\/h3><p>Departementets hovedm\u00e5l er \u00e5 s\u00f8rge for at grunnleggende rettssikkerhetsgarantier blir opprettholdt og utviklet. Et overordnet m\u00e5l er \u00e5 sikre samfunnets og enkeltmenneskets trygghet. Departementet har blant annet ansvar for forvaltningsoppgaver som ber\u00f8rer enkeltpersoner, bedrifter, institusjoner, kommuner og statlig virksomhet. Justis- og beredskapsdepartementet er klageinstans for vedtak fattet av Direktoratet for samfunnssikkerhet og beredskap (DSB).<\/p>\n<h3>Direktoratet for samfunnssikkerhet og beredskap (DSB)<\/h3><p>DSB er underlagt Justis- og beredskapsdepartementet, og skal ha oversikt over risiko og skadefare i samfunnet. Direktoratet skal v\u00e6re p\u00e5driver i arbeidet med \u00e5 forebygge ulykker, kriser og andre u\u00f8nskede hendelser og skal s\u00f8rge for god beredskap og effektiv ulykkes- og kriseh\u00e5ndtering.<\/p>\n<p>Ett av ansvarsomr\u00e5dene til DSB er \u00e5 v\u00e6re forvaltningsstyresmakt for sikkerhet ved elektriske anlegg og av elektrisk utstyr. DSB sitt tilsyn med elsikkerhet omfatter b\u00e5de installasjon og drift av elektriske anlegg, og markedskontroll av elektriske produkter.<\/p>\n<p>DSB legger f\u00f8ringer p\u00e5 DLE. DSB er klageinstans for vedtak fattet av DLE og har mulighet til reise sak om bruk av sanksjonsmidler overfor tilsynsobjekter som ikke etterkommer p\u00e5legg fra DLE.<\/p>\n<h3>Det lokale eltilsyn (DLE)<\/h3><p>DSB har delegert ansvaret for utf\u00f8relse av tilsyn til DLE som administrativt er underlagt nettselskapet. Under tilsyn utf\u00f8rt av DLE kan det avdekkes avvik fra relevante forskrifter som gj\u00f8r det n\u00f8dvendig \u00e5 p\u00e5legge tilsynsobjektet \u00e5 utbedre disse. DLE har myndighet til \u00e5 gi slike p\u00e5legg som er et enkeltvedtak i juridisk forstand. F\u00f8r det fattes vedtak om utbedring skal imidlertid tilsynsobjektet ha f\u00e5tt en skriftlig tilsynsrapport og et varsel om vedtak. Tilsynsobjektet skal p\u00e5 denne m\u00e5ten f\u00e5 anledning til \u00e5 rette opp avvikene eller komme med kommentarer til forh\u00e5ndsvarselet innen en angitt frist.<\/p>\n<h3>Sakkyndige selskaper<\/h3><p>DLE har muligheter til \u00e5 kj\u00f8pe kontroll- og informasjonstjenester av sakkyndige selskaper som da foretar den praktiske utf\u00f8relsen av tilsyns- og informasjonsarbeidet etter fullmakt fra DLE. Etter utf\u00f8rte tilsyn kan det sakkyndige selskapet sende tilsynsrapport og varsel om vedtak til tilsynsobjektet. Dersom det sakkyndige selskapet innen angitt frist ikke f\u00e5r tilbakemelding p\u00e5 utbedring av p\u00e5pekte avvik, eller mottar kommentarer som tilsier en revurdering av avvikene, skal saken overf\u00f8res til DLE for videre oppf\u00f8lging.<\/p>\n\t\t\t\t<\/article>\n\t\t\t<\/div>\n\n\t\t\t<div class=\"cell small-12 medium-5 image\">\n\t\t\t\t\t\t\t<\/div>\n\t\t<\/div>\n\t\t\n\t<\/div>\n<\/section>\n\n\n\n<section class=\"block-section post-cards\">\n\t<div class=\"grid-container\">\n\n        <div class=\"grid-x grid-margin-x section-title-wrapper\">\n            <div class=\"cell small-12 medium-6\">\n                                    <h1 class=\"section-title\">Vi anbefaler<\/h1>\n                            <\/div>\n\n                    <\/div>\n\n        <div class=\"grid-x grid-margin-x cards-wrapper\">\n                                                                    <a href=\"https:\/\/elsikkerhetsportalen.no\/nordvest\/dle\/tilsyn-med-boliger\/\" class=\"link-card cell small-12 medium-6\">\n    <article>\n        <div class=\"content\">\n            <h3 class=\"title\">Tilsyn med boliger<\/h3>\n            <p class=\"excerpt\"><\/p>\n        <\/div>\n        <span class=\"icon icon-arrow-right\"><\/span>\n    <\/article>\n<\/a>                    \n                                                        <a href=\"https:\/\/elsikkerhetsportalen.no\/nordvest\/dle\/tilsyn-med-virksomheter\/\" class=\"link-card cell small-12 medium-6\">\n    <article>\n        <div class=\"content\">\n            <h3 class=\"title\">Tilsyn med virksomheter<\/h3>\n            <p class=\"excerpt\"><\/p>\n        <\/div>\n        <span class=\"icon icon-arrow-right\"><\/span>\n    <\/article>\n<\/a>                    \n                                                        <a href=\"https:\/\/elsikkerhetsportalen.no\/nordvest\/dle\/tilsyn-med-elektrovirksomheter\/\" class=\"link-card cell small-12 medium-6\">\n    <article>\n        <div class=\"content\">\n            <h3 class=\"title\">Tilsyn med elektrovirksomheter<\/h3>\n            <p class=\"excerpt\"><\/p>\n        <\/div>\n        <span class=\"icon icon-arrow-right\"><\/span>\n    <\/article>\n<\/a>                    \n                                                        <a href=\"https:\/\/elsikkerhetsportalen.no\/nordvest\/internkontroll\/internkontroll-elektromedisinsk\/\" class=\"link-card cell small-12 medium-6\">\n    <article>\n        <div class=\"content\">\n            <h3 class=\"title\">Internkontroll elektromedisinsk<\/h3>\n            <p class=\"excerpt\"><\/p>\n        <\/div>\n        <span class=\"icon icon-arrow-right\"><\/span>\n    <\/article>\n<\/a>                    \n                                                        <a href=\"https:\/\/elsikkerhetsportalen.no\/nordvest\/internkontroll\/internkontroll-elektrovirksomheter\/\" class=\"link-card cell small-12 medium-6\">\n    <article>\n        <div class=\"content\">\n            <h3 class=\"title\">Internkontroll elektrovirksomheter<\/h3>\n            <p class=\"excerpt\"><\/p>\n        <\/div>\n        <span class=\"icon icon-arrow-right\"><\/span>\n    <\/article>\n<\/a>                    \n                                                        <a href=\"https:\/\/elsikkerhetsportalen.no\/nordvest\/hms\/\" class=\"link-card cell small-12 medium-6\">\n    <article>\n        <div class=\"content\">\n            <h3 class=\"title\">Oppskrift p\u00e5 internkontroll<\/h3>\n            <p class=\"excerpt\"><\/p>\n        <\/div>\n        <span class=\"icon icon-arrow-right\"><\/span>\n    <\/article>\n<\/a>                    \n                                                    <\/div>\n\n    <\/div>\n<\/section>","protected":false},"excerpt":{"rendered":"","protected":false},"author":1,"featured_media":0,"parent":15,"menu_order":0,"comment_status":"closed","ping_status":"closed","template":"","meta":{"_acf_changed":false,"footnotes":""},"class_list":["post-60","page","type-page","status-publish","hentry"],"acf":[],"_links":{"self":[{"href":"https:\/\/elsikkerhetsportalen.no\/nordvest\/wp-json\/wp\/v2\/pages\/60","targetHints":{"allow":["GET"]}}],"collection":[{"href":"https:\/\/elsikkerhetsportalen.no\/nordvest\/wp-json\/wp\/v2\/pages"}],"about":[{"href":"https:\/\/elsikkerhetsportalen.no\/nordvest\/wp-json\/wp\/v2\/types\/page"}],"author":[{"embeddable":true,"href":"https:\/\/elsikkerhetsportalen.no\/nordvest\/wp-json\/wp\/v2\/users\/1"}],"replies":[{"embeddable":true,"href":"https:\/\/elsikkerhetsportalen.no\/nordvest\/wp-json\/wp\/v2\/comments?post=60"}],"version-history":[{"count":0,"href":"https:\/\/elsikkerhetsportalen.no\/nordvest\/wp-json\/wp\/v2\/pages\/60\/revisions"}],"up":[{"embeddable":true,"href":"https:\/\/elsikkerhetsportalen.no\/nordvest\/wp-json\/wp\/v2\/pages\/15"}],"wp:attachment":[{"href":"https:\/\/elsikkerhetsportalen.no\/nordvest\/wp-json\/wp\/v2\/media?parent=60"}],"curies":[{"name":"wp","href":"https:\/\/api.w.org\/{rel}","templated":true}]}}