{"id":730,"date":"2021-04-29T10:47:26","date_gmt":"2021-04-29T10:47:26","guid":{"rendered":"https:\/\/elsikkerhetsportalen.no\/nordvest\/?page_id=730"},"modified":"2026-04-13T15:02:45","modified_gmt":"2026-04-13T15:02:45","slug":"byggeplasser","status":"publish","type":"page","link":"https:\/\/elsikkerhetsportalen.no\/nordvest\/for-bedrifter\/byggeplasser\/","title":{"rendered":"Byggeplasser"},"content":{"rendered":"<section id=\"scrollable-shortcuts-block_282258c98a5628b6b0a52578175ed820\" class=\"block-section scrollable-shortcuts   align-full\">\n\t<div class=\"grid-container\">\n\t\t<div class=\"grid-x grid-padding-x\">\n\n\t\t\t<header class=\"cell small-12 medium-7\">\n\t\t\t\t\t\t\t\t\t<h1>Byggeplasser<\/h1>\n\t\t\t\t\n\t\t\t\t\t\t\t\t\t<p class=\"ingress\">Str\u00f8mforsyning p\u00e5 byggeplasser er utsatt for store p\u00e5kjenninger, og installasjonsforholdene varierer. Dette medf\u00f8rer risiko for arbeidstakere og fare for brann p\u00e5 grunn av skade p\u00e5 kabler og utstyr.<\/p>\n\t\t\t\t\n\t\t\t\t\t\t\t\t\t<h2 class=\"shortcuts-title\">Snarveier<span><span class=\"icon icon-arrow-down\"><\/span><\/span><\/h2>\n\t\t\t\t\n\t\t\t\t<nav><ul><li><a href=\"#egenkontroll-for-pluggbart-utstyr\" class=\"link link--underlined\">Egenkontroll<\/a><\/li><li><a href=\"#elulykker-og-stromskader-pa-byggeplasser\" class=\"link link--underlined\">Elulykker og str\u00f8mskader<\/a><\/li><li><a href=\"#internkontroll\" class=\"link link--underlined\">Internkontroll<\/a><\/li><\/ul><\/nav>\t\t\t<\/header>\n\n\t\t<\/div>\n\t<\/div>\n<\/section>\n\n\n\n<section id=\"image-content-block_54bd048739ecccb9b50394a08a0714eb\" class=\"block-section image-content light smaller-fonts no-image  align-full\">\n\t<div class=\"grid-container\" id=\"scrollToMe-egenkontroll-for-pluggbart-utstyr\">\n\n\t\t<div class=\"grid-x grid-padding-x\">\n\n\t\t\t<div class=\"cell small-12 medium-7 content\">\n\t\t\t\t\t\t\t\t\t<h2 class=\"section-title\">Egenkontroll for pluggbart utstyr <\/h2>\n\t\t\t\t\n\t\t\t\t\t\t\t\t\t<article><p>Forskrift om elektriske lavspenningsanlegg(fel) \u00a79 angir at eier av det elektriske anlegget er ansvarlig for at dette til enhver tid er i henhold til forskriftens krav. Bruker er ansvarlig for at utstyr er egnet for bruk i anlegget og benyttes p\u00e5 sikker m\u00e5te. Denne egenkontroll er til hjelp for ditt ansvar.<\/p>\n<\/article>\n\t\t\t\t\n\t\t\t\t\t\t<a class=\"link link--underlined\" href=\"https:\/\/kontroll.elsikkerhetsportalen.no\/survey\/egenkontroll-byggestrom\" target=\"_blank\">\n\t\t\tGjennomf\u00f8r egenkontroll\t\t<\/a>\n\t\t\t\t\t<div class=\"clearfix\"><\/div>\n\t\t\t\t\n\t\t\t\t\t\t\t\t\n\t\t\t<\/div>\n\n\t\t\t<div class=\"cell small-12 medium-5 image\">\n\t\t\t\t\t\t\t\t\t\n\t\t\t\t\t\n\t\t\t\t\n\t\t\t<\/div>\n\n\t\t<\/div>\n\n\t\t\t\t\n\t<\/div>\n<\/section>\n\n\n\n<section id=\"image-content-block_ee1ce2e0f7245e752652175e2dafc030\" class=\"block-section image-content dark smaller-fonts no-image has-more-content  align-full\">\n\t<div class=\"grid-container\" id=\"scrollToMe-elulykker-og-stromskader-pa-byggeplasser\">\n\n\t\t<div class=\"grid-x grid-padding-x\">\n\n\t\t\t<div class=\"cell small-12 medium-7 content\">\n\t\t\t\t\t\t\t\t\t<h2 class=\"section-title\">Elulykker og str\u00f8mskader p\u00e5 byggeplasser<\/h2>\n\t\t\t\t\n\t\t\t\t\t\t\t\t\t<article><p>De fleste elulykker p\u00e5 byggeplasser skjer ofte fordi du eller noen andre p\u00e5 byggeplassen gj\u00f8r noe dere ikke skulle ha gjort.<\/p>\n<\/article>\n\t\t\t\t\n\t\t\t\t\t\t\t\t<div class=\"clearfix\"><\/div>\n\t\t\t\t\n\t\t\t\t\t\t\t\t\n\t\t\t\t\t<a\n\t\t\t\t\t\thref=\"#\"\n\t\t\t\t\t\tclass=\"button-plus content-toggler\"\n\t\t\t\t\t\tdata-initialtext=\"Les mer\"\n\t\t\t\t\t\tdata-toggletext=\"Les mindre\"\n\t\t\t\t\t\tdata-target=\"ic-hidden-block_ee1ce2e0f7245e752652175e2dafc030\"\n\t\t\t\t\t\trole=\"button\"\n\t\t\t\t\t\trel=\"nofollow\"\n\t\t\t\t\t\taria-label=\"\u00c5pne skjult innhold\"\n\t\t\t\t\t\taria-expanded=\"false\">\n\t\t\t\t\t\t<span>Les mer<\/span>\n\t\t\t\t\t\t<span class=\"icon icon-plus\"><\/span>\n\t\t\t\t\t<\/a>\n\t\t\t\t\n\t\t\t<\/div>\n\n\t\t\t<div class=\"cell small-12 medium-5 image\">\n\t\t\t\t\t\t\t\t\t\n\t\t\t\t\t\n\t\t\t\t\n\t\t\t<\/div>\n\n\t\t<\/div>\n\n\t\t\t\t\t\t<div class=\"grid-x grid-padding-x hidden-more-content\" aria-expanded=\"false\" aria-hidden=\"true\" id=\"ic-hidden-block_ee1ce2e0f7245e752652175e2dafc030\">\n\t\t\t<div class=\"cell small-12 medium-7 content\">\n\t\t\t\t<article>\n\t\t\t\t<p>Bruker dere f.eks.\u00a0 for mange og lange skj\u00f8teledninger, kan det hindre utkobling ved feil, som igjen kan medf\u00f8re b\u00e5de brann og alvorlige personskader\/str\u00f8mgjennomgang.<\/p>\n<p>Alle ulykker for\u00e5rsaket av str\u00f8mgjennomgang og lysbue skal meldes til DSB per\u00a0<a href=\"https:\/\/innmelding.dsb.no\/rapportering\/?uhellelulykkemedpersonskade#Innledning\" target=\"_blank\" rel=\"noreferrer noopener\">skjema<\/a>.<\/p>\n<p><strong>Vi anbefaler \u00e5 bruke appen \u00abStr\u00f8mulykke\u00bb.\u00a0<\/strong>Den hjelper deg med hva du b\u00f8r gj\u00f8re ved str\u00f8mulykker og inneholder fire ulike seksjoner:<\/p>\n<ol>\n<li>Tips for \u00e5 hjelpe personer som har v\u00e6rt utsatt for en str\u00f8mulykke.<\/li>\n<li>Anbefalinger for helsepersonell.<\/li>\n<li>Arbeidsgivers plikter i henhold til regelverk og oppf\u00f8lging.<\/li>\n<li>Ekstrainformasjon med nyttige lenker<\/li>\n<\/ol>\n<ul>\n<li><a href=\"https:\/\/apps.apple.com\/no\/app\/str-mulykke\/id737793137?ign-mpt=uo%3D4\" target=\"_blank\" rel=\"noreferrer noopener\">Last den ned fra App Store<\/a><\/li>\n<li><a href=\"https:\/\/play.google.com\/store\/apps\/details?id=com.nelfo.pua.android.stromulykke\" target=\"_blank\" rel=\"noreferrer noopener\">Last den ned fra Google Play<\/a><\/li>\n<\/ul>\n\t\t\t\t<\/article>\n\t\t\t<\/div>\n\n\t\t\t<div class=\"cell small-12 medium-5 image\">\n\t\t\t\t\t\t\t<\/div>\n\t\t<\/div>\n\t\t\n\t<\/div>\n<\/section>\n\n\n\n<section id=\"image-content-block_0610873524ea9741f9bfa615806af817\" class=\"block-section image-content light smaller-fonts no-image has-more-content  align-full\">\n\t<div class=\"grid-container\" id=\"scrollToMe-internkontroll\">\n\n\t\t<div class=\"grid-x grid-padding-x\">\n\n\t\t\t<div class=\"cell small-12 medium-7 content\">\n\t\t\t\t\t\t\t\t\t<h2 class=\"section-title\">Internkontroll<\/h2>\n\t\t\t\t\n\t\t\t\t\t\t\t\t\t<article><p>I utgangspunktet er vedlikehold og valg av riktig og egnet utstyr underlagt virksomhetens internkontroll. Samtidig er dette ogs\u00e5 et sp\u00f8rsm\u00e5l om \u00e5 f\u00f8lge det sikkerhetsniv\u00e5 som til enhver tid sette i forskrift og reviderte normer.<\/p>\n<\/article>\n\t\t\t\t\n\t\t\t\t\t\t\t\t<div class=\"clearfix\"><\/div>\n\t\t\t\t\n\t\t\t\t\t\t\t\t\n\t\t\t\t\t<a\n\t\t\t\t\t\thref=\"#\"\n\t\t\t\t\t\tclass=\"button-plus content-toggler\"\n\t\t\t\t\t\tdata-initialtext=\"Les mer\"\n\t\t\t\t\t\tdata-toggletext=\"Les mindre\"\n\t\t\t\t\t\tdata-target=\"ic-hidden-block_0610873524ea9741f9bfa615806af817\"\n\t\t\t\t\t\trole=\"button\"\n\t\t\t\t\t\trel=\"nofollow\"\n\t\t\t\t\t\taria-label=\"\u00c5pne skjult innhold\"\n\t\t\t\t\t\taria-expanded=\"false\">\n\t\t\t\t\t\t<span>Les mer<\/span>\n\t\t\t\t\t\t<span class=\"icon icon-plus\"><\/span>\n\t\t\t\t\t<\/a>\n\t\t\t\t\n\t\t\t<\/div>\n\n\t\t\t<div class=\"cell small-12 medium-5 image\">\n\t\t\t\t\t\t\t\t\t\n\t\t\t\t\t\n\t\t\t\t\n\t\t\t<\/div>\n\n\t\t<\/div>\n\n\t\t\t\t\t\t<div class=\"grid-x grid-padding-x hidden-more-content\" aria-expanded=\"false\" aria-hidden=\"true\" id=\"ic-hidden-block_0610873524ea9741f9bfa615806af817\">\n\t\t\t<div class=\"cell small-12 medium-7 content\">\n\t\t\t\t<article>\n\t\t\t\t<p>I Elsikkerhet nr. 71 ble det gitt retningslinjer for n\u00e5r eksisterende byggestr\u00f8msentraler m\u00e5 oppfylle gjeldende forskrift og norm.<\/p>\n<a class=\"link link--underlined\" href=\"https:\/\/www.dropbox.com\/s\/kgqemippku4lyr8\/2007-06%20Elsikkerhet%2071.pdf?dl=0\" target=\"_blank\">Last ned Elsikkerhet 71<\/a><p>Alle virksomheter skal ha et internkontrollsystem for \u00e5 sikre helse, milj\u00f8 og sikkerhet p\u00e5 arbeidsplassen blir ivaretatt.<\/p>\n<blockquote class=\"wp-block-quote is-style-default\"><p><strong>Byggherreforskriften<\/strong>\u00a0beskriver pliktene som byggherren har gjennom hele bygge- og anleggsprosessen. Disse skal sikre at sikkerhet, helse og arbeidsmilj\u00f8 p\u00e5 bygge- eller anleggsplassen blir ivaretatt.<\/p><\/blockquote>\n<a class=\"link link--underlined\" href=\"https:\/\/www.arbeidstilsynet.no\/regelverk\/forskrifter\/byggherreforskriften\/\" target=\"_blank\">Se byggherreforskriften hos Arbeidstilsynet<\/a>\t\t\t\t<\/article>\n\t\t\t<\/div>\n\n\t\t\t<div class=\"cell small-12 medium-5 image\">\n\t\t\t\t\t\t\t<\/div>\n\t\t<\/div>\n\t\t\n\t<\/div>\n<\/section>\n\n\n\n\n<section id=\"media-gallery-block_0ac7cd41af6fc657d67e28cd3781a8bf\" class=\"block-section media-gallery   align-full\">\n\t<div class=\"grid-container\">\n\n\t\t<div class=\"grid-x grid-padding-x\">\n\t\t\t<div class=\"cell small-12 medium-6 large-5 heading-wrapper\">\n\t\t\t\t<h2>Slik skal det ikke v\u00e6re p\u00e5 byggeplassen<\/h2>\t\t\t\t<p>\n\t\t\t\t\tBruk musepekeren eller pilene under for \u00e5 se alle bildene. Trykk p\u00e5 bilde for \u00e5 forst\u00f8rre bilde.\t\t\t\t<\/p>\n\t\t\t<\/div>\n\t\t<\/div>\n\n\t\t<div class=\"gallery-container\">\n\t\t\t\t\t<\/div>\n\n\t<\/div>\n<\/section>\n\n\n\n<section class=\"block-section post-cards\">\n\t<div class=\"grid-container\">\n\n        <div class=\"grid-x grid-margin-x section-title-wrapper\">\n            <div class=\"cell small-12 medium-6\">\n                                    <h1 class=\"section-title\">Vi anbefaler<\/h1>\n                            <\/div>\n\n                    <\/div>\n\n        <div class=\"grid-x grid-margin-x cards-wrapper\">\n                                                                    <a href=\"https:\/\/elsikkerhetsportalen.no\/nordvest\/elbransjen\/elulykker-og-stromskader\/\" class=\"link-card cell small-12 medium-6\">\n    <article>\n        <div class=\"content\">\n            <h3 class=\"title\">Elulykker og str\u00f8mskader<\/h3>\n            <p class=\"excerpt\"><\/p>\n        <\/div>\n        <span class=\"icon icon-arrow-right\"><\/span>\n    <\/article>\n<\/a>                    \n                                                        <a href=\"https:\/\/elsikkerhetsportalen.no\/nordvest\/hms\/\" class=\"link-card cell small-12 medium-6\">\n    <article>\n        <div class=\"content\">\n            <h3 class=\"title\">Oppskrift p\u00e5 internkontroll<\/h3>\n            <p class=\"excerpt\"><\/p>\n        <\/div>\n        <span class=\"icon icon-arrow-right\"><\/span>\n    <\/article>\n<\/a>                    \n                                                        <a href=\"https:\/\/elsikkerhetsportalen.no\/nordvest\/elbransjen\/tavlebyggere\/\" class=\"link-card cell small-12 medium-6\">\n    <article>\n        <div class=\"content\">\n            <h3 class=\"title\">Tavlebyggere<\/h3>\n            <p class=\"excerpt\"><\/p>\n        <\/div>\n        <span class=\"icon icon-arrow-right\"><\/span>\n    <\/article>\n<\/a>                    \n                                                        <a href=\"https:\/\/elsikkerhetsportalen.no\/nordvest\/dle\/om-dle\/\" class=\"link-card cell small-12 medium-6\">\n    <article>\n        <div class=\"content\">\n            <h3 class=\"title\">Om DLE<\/h3>\n            <p class=\"excerpt\"><\/p>\n        <\/div>\n        <span class=\"icon icon-arrow-right\"><\/span>\n    <\/article>\n<\/a>                    \n                                                    <\/div>\n\n    <\/div>\n<\/section>","protected":false},"excerpt":{"rendered":"","protected":false},"author":4,"featured_media":0,"parent":13,"menu_order":5,"comment_status":"closed","ping_status":"closed","template":"","meta":{"_acf_changed":false,"footnotes":""},"class_list":["post-730","page","type-page","status-publish","hentry"],"acf":[],"_links":{"self":[{"href":"https:\/\/elsikkerhetsportalen.no\/nordvest\/wp-json\/wp\/v2\/pages\/730","targetHints":{"allow":["GET"]}}],"collection":[{"href":"https:\/\/elsikkerhetsportalen.no\/nordvest\/wp-json\/wp\/v2\/pages"}],"about":[{"href":"https:\/\/elsikkerhetsportalen.no\/nordvest\/wp-json\/wp\/v2\/types\/page"}],"author":[{"embeddable":true,"href":"https:\/\/elsikkerhetsportalen.no\/nordvest\/wp-json\/wp\/v2\/users\/4"}],"replies":[{"embeddable":true,"href":"https:\/\/elsikkerhetsportalen.no\/nordvest\/wp-json\/wp\/v2\/comments?post=730"}],"version-history":[{"count":0,"href":"https:\/\/elsikkerhetsportalen.no\/nordvest\/wp-json\/wp\/v2\/pages\/730\/revisions"}],"up":[{"embeddable":true,"href":"https:\/\/elsikkerhetsportalen.no\/nordvest\/wp-json\/wp\/v2\/pages\/13"}],"wp:attachment":[{"href":"https:\/\/elsikkerhetsportalen.no\/nordvest\/wp-json\/wp\/v2\/media?parent=730"}],"curies":[{"name":"wp","href":"https:\/\/api.w.org\/{rel}","templated":true}]}}