{"id":1071,"date":"2022-02-01T10:58:43","date_gmt":"2022-02-01T10:58:43","guid":{"rendered":"https:\/\/elsikkerhetsportalen.no\/norgesnett\/elbransjen\/maskinforskriften\/"},"modified":"2022-02-01T10:58:45","modified_gmt":"2022-02-01T10:58:45","slug":"maskinforskriften","status":"publish","type":"page","link":"https:\/\/elsikkerhetsportalen.no\/norgesnett\/elbransjen\/maskinforskriften\/","title":{"rendered":"Maskinforskriften"},"content":{"rendered":"<section id=\"scrollable-shortcuts-block_61f901be74210\" class=\"block-section scrollable-shortcuts   align-full\">\n\t<div class=\"grid-container\">\n\t\t<div class=\"grid-x grid-padding-x\">\n\n\t\t\t<header class=\"cell small-12 medium-7\">\n\t\t\t\t\t\t\t\t\t<h1>Samsvarserkl\u00e6ring for maskiner<\/h1>\n\t\t\t\t\n\t\t\t\t\t\t\t\t\t<p class=\"ingress\">Maskinforskriften krever at utstyret skal leveres med en samsvarserkl\u00e6ring n\u00e5r det gjelder maskiner tatt i bruk etter 1.1.95. Gjennom denne erkl\u00e6ringen p\u00e5tar produsenten seg ansvaret for at utstyret fullt ut tilfredsstiller alle aktuelle krav i maskinforskriften.<\/p>\n\t\t\t\t\n\t\t\t\t\t\t\t\t\t<h2 class=\"shortcuts-title\">Snarveier<span><span class=\"icon icon-arrow-down\"><\/span><\/span><\/h2>\n\t\t\t\t\n\t\t\t\t<nav><ul><li><a href=\"#samsvarserklaeringen\" class=\"link link--underlined\">Samsvarserkl\u00e6ringen<\/a><\/li><li><a href=\"#sammenstillingserklaering-for-delvis-ferdigstilte-maskiner\" class=\"link link--underlined\">Delvis ferdige maskiner<\/a><\/li><li><a href=\"#maskinsikkerhetsnormen\" class=\"link link--underlined\">Maskinsikkerhetsnormen<\/a><\/li><li><a href=\"#definisjon-av-maskin\" class=\"link link--underlined\">Definisjon av maskin<\/a><\/li><li><a href=\"#ce-merking-av-maskiner\" class=\"link link--underlined\">CE-merking<\/a><\/li><\/ul><\/nav>\t\t\t<\/header>\n\n\t\t<\/div>\n\t<\/div>\n<\/section>\n\n\n\n<blockquote class=\"wp-block-quote is-layout-flow wp-block-quote-is-layout-flow\"><p>Definisjonen p\u00e5 en maskin er et utstyr der minst \u00e9n del beveges og drives\u00a0av en energikilde, og som er tiltenkt ett bestemt form\u00e5l.<\/p><\/blockquote>\n\n\n\n<section id=\"image-content-block_61f9022e74211\" class=\"block-section image-content light smaller-fonts no-image has-more-content  align-full\">\n\t<div class=\"grid-container\" id=\"scrollToMe-samsvarserklaeringen\">\n\n\t\t<div class=\"grid-x grid-padding-x\">\n\n\t\t\t<div class=\"cell small-12 medium-7 content\">\n\t\t\t\t\t\t\t\t\t<h2 class=\"section-title\">Samsvarserkl\u00e6ringen<\/h2>\n\t\t\t\t\n\t\t\t\t\t\t\t\t\t<article><p>F\u00f8r en maskin settes i omsetning skal produsenten, eller dennes representant, utarbeide en samsvarserkl\u00e6ring, s\u00f8rge for at erkl\u00e6ringen f\u00f8lger maskinen og p\u00e5f\u00f8re CE-merket.<\/p>\n<\/article>\n\t\t\t\t\n\t\t\t\t\t\t\t\t<div class=\"clearfix\"><\/div>\n\t\t\t\t\n\t\t\t\t\t\t\t\t\n\t\t\t\t\t<a\n\t\t\t\t\t\thref=\"#\"\n\t\t\t\t\t\tclass=\"button-plus content-toggler\"\n\t\t\t\t\t\tdata-initialtext=\"Les mer\"\n\t\t\t\t\t\tdata-toggletext=\"Les mindre\"\n\t\t\t\t\t\tdata-target=\"ic-hidden-block_61f9022e74211\"\n\t\t\t\t\t\trole=\"button\"\n\t\t\t\t\t\trel=\"nofollow\"\n\t\t\t\t\t\taria-label=\"\u00c5pne skjult innhold\"\n\t\t\t\t\t\taria-expanded=\"false\">\n\t\t\t\t\t\t<span>Les mer<\/span>\n\t\t\t\t\t\t<span class=\"icon icon-plus\"><\/span>\n\t\t\t\t\t<\/a>\n\t\t\t\t\n\t\t\t<\/div>\n\n\t\t\t<div class=\"cell small-12 medium-5 image\">\n\t\t\t\t\t\t\t\t\t\n\t\t\t\t\t\n\t\t\t\t\n\t\t\t<\/div>\n\n\t\t<\/div>\n\n\t\t\t\t\t\t<div class=\"grid-x grid-padding-x hidden-more-content\" aria-expanded=\"false\" aria-hidden=\"true\" id=\"ic-hidden-block_61f9022e74211\">\n\t\t\t<div class=\"cell small-12 medium-7 content\">\n\t\t\t\t<article>\n\t\t\t\t<p>I samsvarserkl\u00e6ringen bekrefter produsenten, eller dennes representant, og p\u00e5tar seg ansvaret for, at den aktuelle maskinen er i overensstemmelse med de relevante bestemmelsene i maskinforskriften p\u00e5 det tidspunktet maskinen settes i omsetning eller tas i bruk f\u00f8rste gang.<\/p>\n<p>Samsvarserkl\u00e6ringen omfatter maskinen slik den ble satt i omsetning og gjelder ikke for tilf\u00f8yelse av deler eller endringer som er utf\u00f8rt av sluttbruker i ettertid.<\/p>\n<p>Konstruksjonsendringer som endrer maskinens originale funksjoner kan medf\u00f8re krav til ny samsvarserkl\u00e6ring av den som har utf\u00f8rt endringen.<\/p>\n<h4>Samsvarserkl\u00e6ringen skal inneholde f\u00f8lgende opplysninger:<\/h4>\n<ol>\n<li>Navn og adresse\u00a0p\u00e5 produsenten og eventuelt dennes representant i E\u00d8S.<\/li>\n<li>Navn og adresse p\u00e5 den fysiske eller juridiske person i E\u00d8S-omr\u00e5det som har fullmakt til \u00e5\u00a0ferdigstille teknisk dokumentasjon.<\/li>\n<li>Beskrivelse og identifikasjon av maskinen, herunder generisk betegnelse, funksjon, modell, type, serienummer og handelsnavn.<\/li>\n<li>En uttrykkelig erkl\u00e6ring om at maskinen oppfyller kravene i denne forskriften og eventuelt en uttrykkelig erkl\u00e6ring om at maskinen oppfyller krav i andre forskrifter eller relevante bestemmelser. Det skal eventuelt henvises til de tilsvarende direktivene som er offentliggjort i Den europeiske unions tidende.<\/li>\n<li>Navn, adresse og identifikasjonsnummer p\u00e5 det tekniske kontrollorganet som eventuelt har gjennomf\u00f8rt typegodkjenning i henhold til vedlegg IX, samt nummeret p\u00e5 typegodkjenningsattesten.<\/li>\n<li>Navn, adresse og identifikasjonsnummer p\u00e5 det tekniske kontrollorganet som eventuelt har attestert fullstendig kvalitetssikring i henhold til vedlegg X.<\/li>\n<li>Henvisninger til de harmoniserte standarder som eventuelt er brukt.<\/li>\n<li>Henvisninger til andre tekniske standarder og spesifikasjoner som eventuelt er brukt.<\/li>\n<li>Sted og dato for erkl\u00e6ringen.<\/li>\n<li>Identitet og signatur til den person som har fullmakt til \u00e5 utarbeide erkl\u00e6ringen p\u00e5 vegne av produsenten eller dennes representant.<\/li>\n<\/ol>\n\t\t\t\t<\/article>\n\t\t\t<\/div>\n\n\t\t\t<div class=\"cell small-12 medium-5 image\">\n\t\t\t\t\t\t\t<\/div>\n\t\t<\/div>\n\t\t\n\t<\/div>\n<\/section>\n\n\n\n<section id=\"image-content-block_61f9031174213\" class=\"block-section image-content dark smaller-fonts no-image has-more-content  align-full\">\n\t<div class=\"grid-container\" id=\"scrollToMe-sammenstillingserklaering-for-delvis-ferdigstilte-maskiner\">\n\n\t\t<div class=\"grid-x grid-padding-x\">\n\n\t\t\t<div class=\"cell small-12 medium-7 content\">\n\t\t\t\t\t\t\t\t\t<h2 class=\"section-title\">Sammenstillingserkl\u00e6ring for delvis ferdigstilte maskiner<\/h2>\n\t\t\t\t\n\t\t\t\t\t\t\t\t\t<article><p>En delvis ferdigstilt maskin skal ha f\u00f8lge av en sammenstillingserkl\u00e6ring. Det er da ikke krav til samsvarserkl\u00e6ring og CE-merking.<\/p>\n<\/article>\n\t\t\t\t\n\t\t\t\t\t\t\t\t<div class=\"clearfix\"><\/div>\n\t\t\t\t\n\t\t\t\t\t\t\t\t\n\t\t\t\t\t<a\n\t\t\t\t\t\thref=\"#\"\n\t\t\t\t\t\tclass=\"button-plus content-toggler\"\n\t\t\t\t\t\tdata-initialtext=\"Les mer\"\n\t\t\t\t\t\tdata-toggletext=\"Les mindre\"\n\t\t\t\t\t\tdata-target=\"ic-hidden-block_61f9031174213\"\n\t\t\t\t\t\trole=\"button\"\n\t\t\t\t\t\trel=\"nofollow\"\n\t\t\t\t\t\taria-label=\"\u00c5pne skjult innhold\"\n\t\t\t\t\t\taria-expanded=\"false\">\n\t\t\t\t\t\t<span>Les mer<\/span>\n\t\t\t\t\t\t<span class=\"icon icon-plus\"><\/span>\n\t\t\t\t\t<\/a>\n\t\t\t\t\n\t\t\t<\/div>\n\n\t\t\t<div class=\"cell small-12 medium-5 image\">\n\t\t\t\t\t\t\t\t\t\n\t\t\t\t\t\n\t\t\t\t\n\t\t\t<\/div>\n\n\t\t<\/div>\n\n\t\t\t\t\t\t<div class=\"grid-x grid-padding-x hidden-more-content\" aria-expanded=\"false\" aria-hidden=\"true\" id=\"ic-hidden-block_61f9031174213\">\n\t\t\t<div class=\"cell small-12 medium-7 content\">\n\t\t\t\t<article>\n\t\t\t\t<p>I sammenstillingserkl\u00e6ringen skal produsenten av den delvis ferdigstilte maskinen opplyse produsenten av den ferdige maskinen om hvilke av de grunnleggende helse- og sikkerhetskravene i vedlegg I i maskinforskriften som er anvendt og oppfylt, samt hvilke andre relevante bestemmelser som er oppfylt. Erkl\u00e6ringen skal ogs\u00e5 vise til at den delvis ferdigstilte maskinen ikke m\u00e5 tas i bruk f\u00f8r den ferdige maskinen som den skal inkorporeres i er blitt samsvarserkl\u00e6rt i overensstemmelsene med forskriftens krav.<\/p>\n<h4>Sammenstillingserkl\u00e6ringen skal inneholde f\u00f8lgende opplysninger:<\/h4>\n<ol>\n<li>Navn og adresse til produsenten av den delvis ferdigstilte maskinen og eventuelt dennes representant.<\/li>\n<li>Navn og adresse p\u00e5 den fysiske eller juridiske person i E\u00d8S-omr\u00e5det som har fullmakt til \u00e5 utferdige teknisk dokumentasjon.<\/li>\n<li>Beskrivelse og identifikasjon av den delvis ferdigstilt maskinen, herunder generisk betegnelse, funksjon, modell, type, serienummer og handelsnavn.<\/li>\n<li>En uttrykkelig erkl\u00e6ring som angir hvilke krav i denne forskriften som gjelder for den delvis ferdigstilte maskinen og at de er oppfylt, og at den tekniske dokumentasjonen for den delvis ferdigstilte maskinen er utarbeidet i samsvar med vedlegg VII, del B, og eventuelt en uttrykkelig erkl\u00e6ring om at den delvis ferdigstilte maskinen oppfyller krav i andre forskrifter og relevante bestemmelser. Det skal i s\u00e5 fall henvises til tilsvarende direktiv som er offentliggjort i Den europeiske unions tidende.<\/li>\n<li>En erkl\u00e6ring om at produsenten eller dennes representant plikter \u00e5 legge fram relevant dokumentasjon om den delvis ferdigstilte maskinen etter p\u00e5legg fra tilsynsmyndigheten, jf. forskriften \u00a7 9. Forpliktelsen ber\u00f8rer ikke de immaterielle rettighetene til produsenten av den delvis ferdigstilte maskinen.<\/li>\n<li>En erkl\u00e6ring om at den delvis ferdigstilte maskinen ikke m\u00e5 tas i bruk f\u00f8r den maskinen, som denne skal integreres i, er samsvarserkl\u00e6rt etter denne forskrift, n\u00e5r det er relevant.<\/li>\n<li>Sted og dato for erkl\u00e6ringen.<\/li>\n<li>Identitet og signatur til den person som har fullmakt til \u00e5 utarbeide erkl\u00e6ringen p\u00e5 vegne av produsenten eller produsentens representant.<\/li>\n<\/ol>\n<a class=\"link link--underlined\" href=\"https:\/\/lovdata.no\/dokument\/SF\/forskrift\/2009-05-20-544\" target=\"_blank\">Se detaljer i maskinforskriften<\/a>\t\t\t\t<\/article>\n\t\t\t<\/div>\n\n\t\t\t<div class=\"cell small-12 medium-5 image\">\n\t\t\t\t\t\t\t<\/div>\n\t\t<\/div>\n\t\t\n\t<\/div>\n<\/section>\n\n\n\n<section id=\"image-content-block_61f903b974217\" class=\"block-section image-content light smaller-fonts no-image has-more-content  align-full\">\n\t<div class=\"grid-container\" id=\"scrollToMe-maskinsikkerhetsnormen\">\n\n\t\t<div class=\"grid-x grid-padding-x\">\n\n\t\t\t<div class=\"cell small-12 medium-7 content\">\n\t\t\t\t\t\t\t\t\t<h2 class=\"section-title\">Maskinsikkerhetsnormen<\/h2>\n\t\t\t\t\n\t\t\t\t\t\t\t\t\t<article><p>Normen er en elektroteknisk norm som er harmonisert med EUs maskindirektiv og spenningsdirektiv (omfatter ogs\u00e5 EMC direktivet). Normen ivaretar elektriske forhold definert i direktivene inkludert krav til sikkerhet mot feilfunksjon, fare for utilsiktet start, elektrisk sjokk, dokumentasjon og verifikasjon. Beskyttelse mot mekaniske farer m\u00e5 dekkes ved bruk av andre harmoniserte CEN normer.<\/p>\n<\/article>\n\t\t\t\t\n\t\t\t\t\t\t\t\t<div class=\"clearfix\"><\/div>\n\t\t\t\t\n\t\t\t\t\t\t\t\t\n\t\t\t\t\t<a\n\t\t\t\t\t\thref=\"#\"\n\t\t\t\t\t\tclass=\"button-plus content-toggler\"\n\t\t\t\t\t\tdata-initialtext=\"Les mer\"\n\t\t\t\t\t\tdata-toggletext=\"Les mindre\"\n\t\t\t\t\t\tdata-target=\"ic-hidden-block_61f903b974217\"\n\t\t\t\t\t\trole=\"button\"\n\t\t\t\t\t\trel=\"nofollow\"\n\t\t\t\t\t\taria-label=\"\u00c5pne skjult innhold\"\n\t\t\t\t\t\taria-expanded=\"false\">\n\t\t\t\t\t\t<span>Les mer<\/span>\n\t\t\t\t\t\t<span class=\"icon icon-plus\"><\/span>\n\t\t\t\t\t<\/a>\n\t\t\t\t\n\t\t\t<\/div>\n\n\t\t\t<div class=\"cell small-12 medium-5 image\">\n\t\t\t\t\t\t\t\t\t\n\t\t\t\t\t\n\t\t\t\t\n\t\t\t<\/div>\n\n\t\t<\/div>\n\n\t\t\t\t\t\t<div class=\"grid-x grid-padding-x hidden-more-content\" aria-expanded=\"false\" aria-hidden=\"true\" id=\"ic-hidden-block_61f903b974217\">\n\t\t\t<div class=\"cell small-12 medium-7 content\">\n\t\t\t\t<article>\n\t\t\t\t<h4>NEK EN 60204-1<\/h4>\n<p>NEK EN 60204-1 kan benyttes ved konstruksjon, endring og ombygging av f.eks. pakkemaskiner, produksjonsmaskiner, rulletrapper, automatiske d\u00f8rer, ventilasjonsanlegg og tilsvarende. Normen angir mer enn 100 maskintyper som denne kan benyttes for og vil v\u00e6re aktuell b\u00e5de for maskinbyggere og brukere av maskiner. Dette gjelder s\u00e6rlig elektrofagpersoner som bidrar med kompetanse i form av design, prosjektering, utf\u00f8relse, vedlikehold og service.<\/p>\n<p>NEK EN 60204-1 er en sv\u00e6rt sentral norm for alle som arbeider med elektriske installasjoner i industri og n\u00e6ringsbygg. Mange i elektrobransjen arbeider med elektriske installasjoner i tilknytning til maskiner uten \u00e5 kjenne til hvilke regelverk som gjelder og risikerer derfor \u00e5 bli sittende med ansvar som maskinprodusent. Ventilasjonsanlegg regnes ogs\u00e5 som maskiner i denne sammenheng. Skillet mellom fast elektrisk installasjon og maskin g\u00e5r normalt ved tilkoblingsklemmene p\u00e5 maskinen (se figur under).<\/p>\n<p>NEK EN 60204-1 henviser til elsikkerhetsnormen IEC 60364 p\u00e5 omr\u00e5der som omfatter fare for elektrisk sjokk, beskyttelse mot overstr\u00f8m, utforming av ledningssystemer, utjevningsforbindelser og verifikasjon.\u00a0Installasjonsnormen NEK 400 er basert p\u00e5 samme IEC-\/CENELEC-norm, men det er viktig \u00e5 merke seg at bruk av NEK 400 ikke gir samsvar med maskindirektivet; det gir bare bruk av normene som NEK EN 60204-1 henviser til. NEK EN 60204-1 har dessuten mange spesielle krav til elektrisk utf\u00f8relse for \u00e5 oppn\u00e5 dynamisk sikkerhet. Det er f\u00e5 nasjonale avvik. For Norge gjelder ogs\u00e5 at N-leder skal kunne frakobles ved elektrisk arbeid i maskinen. Dette kan l\u00f8ses med 4-polt hovedbryter.<\/p>\n\t\t\t\t<\/article>\n\t\t\t<\/div>\n\n\t\t\t<div class=\"cell small-12 medium-5 image\">\n\t\t\t\t\t\t\t<\/div>\n\t\t<\/div>\n\t\t\n\t<\/div>\n<\/section>\n\n\n\n<section id=\"image-content-block_61f9043274219\" class=\"block-section image-content dark smaller-fonts no-image has-more-content  align-full\">\n\t<div class=\"grid-container\" id=\"scrollToMe-definisjon-av-maskin\">\n\n\t\t<div class=\"grid-x grid-padding-x\">\n\n\t\t\t<div class=\"cell small-12 medium-7 content\">\n\t\t\t\t\t\t\t\t\t<h2 class=\"section-title\">Definisjon av maskin<\/h2>\n\t\t\t\t\n\t\t\t\t\t\t\t\t\t<article><p>Definisjonen p\u00e5 en maskin er et utstyr der minst \u00e9n del beveges og drives\u00a0av en energikilde og som er tiltenkt ett bestemt form\u00e5l. Maskinbegrepet dekker ogs\u00e5 en gruppe maskiner som fungerer sammen.<\/p>\n<\/article>\n\t\t\t\t\n\t\t\t\t\t\t\t\t<div class=\"clearfix\"><\/div>\n\t\t\t\t\n\t\t\t\t\t\t\t\t\n\t\t\t\t\t<a\n\t\t\t\t\t\thref=\"#\"\n\t\t\t\t\t\tclass=\"button-plus content-toggler\"\n\t\t\t\t\t\tdata-initialtext=\"Les mer\"\n\t\t\t\t\t\tdata-toggletext=\"Les mindre\"\n\t\t\t\t\t\tdata-target=\"ic-hidden-block_61f9043274219\"\n\t\t\t\t\t\trole=\"button\"\n\t\t\t\t\t\trel=\"nofollow\"\n\t\t\t\t\t\taria-label=\"\u00c5pne skjult innhold\"\n\t\t\t\t\t\taria-expanded=\"false\">\n\t\t\t\t\t\t<span>Les mer<\/span>\n\t\t\t\t\t\t<span class=\"icon icon-plus\"><\/span>\n\t\t\t\t\t<\/a>\n\t\t\t\t\n\t\t\t<\/div>\n\n\t\t\t<div class=\"cell small-12 medium-5 image\">\n\t\t\t\t\t\t\t\t\t\n\t\t\t\t\t\n\t\t\t\t\n\t\t\t<\/div>\n\n\t\t<\/div>\n\n\t\t\t\t\t\t<div class=\"grid-x grid-padding-x hidden-more-content\" aria-expanded=\"false\" aria-hidden=\"true\" id=\"ic-hidden-block_61f9043274219\">\n\t\t\t<div class=\"cell small-12 medium-7 content\">\n\t\t\t\t<article>\n\t\t\t\t<p>Det er ikke krav om \u00e5 benytte normer ved konstruksjon av maskiner, men dersom harmoniserte normer legges til grunn, vil dette aksepteres av myndighetene i alle E\u00d8S land. Det forutsetter at normen er benyttet p\u00e5 riktig m\u00e5te og at denne er dekkende. Om harmoniserte normer ikke benyttes, f\u00e5r maskinprodusenten en meget omfattende jobb med \u00e5 dokumentere at valgte l\u00f8sninger oppfyller kravene i maskindirektivet. Det anbefales derfor \u00e5 benytte harmoniserte normer der disse er dekkende. Fordi normen dekker en stor gruppe maskiner som markedsf\u00f8res over hele verden, er normen 60204-1 en av de mest brukte normene i verden.<\/p>\n<p>I Norge gjennomf\u00f8res bestemmelsene i maskindirektivet i \u201dforskrift om maskiner\u201d. Her er Direktoratet for arbeidstilsynet (DAT) f\u00f8rende myndighet, men forskriften forvaltes sammen med Direktoratet for samfunnssikkerhet og beredskap (DSB) og Petroleumstilsynet (Ptil). Et sentralt krav i forskrift om maskiner er at maskiner skal risikovurderes mht. alle farekilder. F\u00f8rst og fremst gjelder dette mekaniske farer, men ogs\u00e5 farekilder som elektrisk sjokk, termiske virkninger,eksplosjonsfare og elektromagnetisk st\u00f8y skal vurderes.<\/p>\n\t\t\t\t<\/article>\n\t\t\t<\/div>\n\n\t\t\t<div class=\"cell small-12 medium-5 image\">\n\t\t\t\t\t\t\t<\/div>\n\t\t<\/div>\n\t\t\n\t<\/div>\n<\/section>\n\n\n\n<section id=\"image-content-block_61f9038274216\" class=\"block-section image-content none smaller-fonts no-image  align-full\">\n\t<div class=\"grid-container\" id=\"scrollToMe-ce-merking-av-maskiner\">\n\n\t\t<div class=\"grid-x grid-padding-x\">\n\n\t\t\t<div class=\"cell small-12 medium-7 content\">\n\t\t\t\t\t\t\t\t\t<h2 class=\"section-title\">CE-merking av maskiner<\/h2>\n\t\t\t\t\n\t\t\t\t\t\t\t\t\t<article><ul>\n<li>\u200b\u200bMaskinforskriften krever at\u00a0maskinen CE-merkes. CE-merket skal plasseres rett ved siden av produsentens\/representantens navn, og den skal p\u00e5f\u00f8res med samme teknikk.<\/li>\n<li>CE-merket er et synlig bevis p\u00e5 at produktet, etter produsentens mening, oppfyller samtlige forpliktelser i maskindirektivet. For \u00e5 kunne p\u00e5f\u00f8re CE-merket skal produsenten foreta en samsvarsvurdering. Dette er en vurdering av samsvar mellom det aktuelle produktet og direktivets krav.<\/li>\n<li>Maskiner som er nyere enn 01.01.95 skal v\u00e6re CE-merket. Maskiner eldre enn denne dato skal ikke v\u00e6re CE merket. Dersom en maskin endres, vil det kunne f\u00f8re til et krav om CE-merking, selv om maskinen er fra f\u00f8r 01.01.95. Grunnen til dette er at den da fungerer annerledes etter at den er blitt endret, og derfor behandles som om den var en ny maskin.<\/li>\n<li>Hvis maskinene omfattes av flere forskrifter som krever CE-merking, skal CE-merkingen angi at maskinen oppfyller kravene i alle forskriftene.<\/li>\n<li>En maskin som importeres fra land utenfor EU\/E\u00d8S, skal samsvarserkl\u00e6res og CE-merkes av produsenten eller import\u00f8ren. Dette gjelder uansett alder p\u00e5 maskinen.<\/li>\n<\/ul>\n<\/article>\n\t\t\t\t\n\t\t\t\t\t\t\t\t<div class=\"clearfix\"><\/div>\n\t\t\t\t\n\t\t\t\t\t\t\t\t\n\t\t\t<\/div>\n\n\t\t\t<div class=\"cell small-12 medium-5 image\">\n\t\t\t\t\t\t\t\t\t\n\t\t\t\t\t\n\t\t\t\t\n\t\t\t<\/div>\n\n\t\t<\/div>\n\n\t\t\t\t\n\t<\/div>\n<\/section>\n\n\n\n<section class=\"block-section post-cards\">\n\t<div class=\"grid-container\">\n\n        <div class=\"grid-x grid-margin-x section-title-wrapper\">\n            <div class=\"cell small-12 medium-6\">\n                                    <h1 class=\"section-title\">Vi anbefaler<\/h1>\n                            <\/div>\n\n                    <\/div>\n\n        <div class=\"grid-x grid-margin-x cards-wrapper\">\n                                                                    <a href=\"https:\/\/elsikkerhetsportalen.no\/norgesnett\/elbransjen\/regelverk\/\" class=\"link-card cell small-12 medium-6\">\n    <article>\n        <div class=\"content\">\n            <h3 class=\"title\">Regelverket<\/h3>\n            <p class=\"excerpt\"><\/p>\n        <\/div>\n        <span class=\"icon icon-arrow-right\"><\/span>\n    <\/article>\n<\/a>                    \n                                                        <a href=\"https:\/\/elsikkerhetsportalen.no\/norgesnett\/faq\/ce-merking\/\" class=\"link-card cell small-12 medium-6\">\n    <article>\n        <div class=\"content\">\n            <h3 class=\"title\">CE-merking<\/h3>\n            <p class=\"excerpt\">CE-merket er et tegn p\u00e5 at det dokumenteres at produktet\u00a0oppfyller sikkerhetskravene.\u00a0Det\u00a0gir allikevel\u00a0ingen garanti for at&#8230;<\/p>\n        <\/div>\n        <span class=\"icon icon-arrow-right\"><\/span>\n    <\/article>\n<\/a>                    \n                                                    <\/div>\n\n    <\/div>\n<\/section>","protected":false},"excerpt":{"rendered":"<p>Definisjonen p\u00e5 en maskin er et utstyr der minst \u00e9n del beveges og drives\u00a0av en energikilde, og som er tiltenkt ett bestemt form\u00e5l.<\/p>\n","protected":false},"author":4,"featured_media":0,"parent":14,"menu_order":6,"comment_status":"closed","ping_status":"closed","template":"","meta":{"_acf_changed":false,"footnotes":""},"class_list":["post-1071","page","type-page","status-publish","hentry"],"acf":[],"_links":{"self":[{"href":"https:\/\/elsikkerhetsportalen.no\/norgesnett\/wp-json\/wp\/v2\/pages\/1071","targetHints":{"allow":["GET"]}}],"collection":[{"href":"https:\/\/elsikkerhetsportalen.no\/norgesnett\/wp-json\/wp\/v2\/pages"}],"about":[{"href":"https:\/\/elsikkerhetsportalen.no\/norgesnett\/wp-json\/wp\/v2\/types\/page"}],"author":[{"embeddable":true,"href":"https:\/\/elsikkerhetsportalen.no\/norgesnett\/wp-json\/wp\/v2\/users\/4"}],"replies":[{"embeddable":true,"href":"https:\/\/elsikkerhetsportalen.no\/norgesnett\/wp-json\/wp\/v2\/comments?post=1071"}],"version-history":[{"count":0,"href":"https:\/\/elsikkerhetsportalen.no\/norgesnett\/wp-json\/wp\/v2\/pages\/1071\/revisions"}],"up":[{"embeddable":true,"href":"https:\/\/elsikkerhetsportalen.no\/norgesnett\/wp-json\/wp\/v2\/pages\/14"}],"wp:attachment":[{"href":"https:\/\/elsikkerhetsportalen.no\/norgesnett\/wp-json\/wp\/v2\/media?parent=1071"}],"curies":[{"name":"wp","href":"https:\/\/api.w.org\/{rel}","templated":true}]}}