{"id":7,"date":"2021-02-03T18:29:42","date_gmt":"2021-02-03T18:29:42","guid":{"rendered":"http:\/\/elsikkerhetsportalen.no\/norgesnett\/?page_id=7"},"modified":"2026-01-06T12:09:25","modified_gmt":"2026-01-06T12:09:25","slug":"forside","status":"publish","type":"page","link":"https:\/\/elsikkerhetsportalen.no\/norgesnett\/","title":{"rendered":"Forside"},"content":{"rendered":"\n<section id=\"frontpage-hero-block_0ced2f0cb2196059a66245753aafffe2\" class=\"block-section frontpage-hero   align-full\" >\n\t<div class=\"grid-container\">\n\n        <div class=\"grid-x grid-margin heading-wrapper\">\n            <div class=\"cell small-12 medium-8 large-6 medium-offset-2 large-offset-3 text-align-center\">\n                                    <h1 class=\"heading\">Din portal for <br \/>\r\nbedre elsikkerhet<\/h1>\n                            <\/div>\n        <\/div>\n\n        <div class=\"grid-x grid-margin-x search-wrapper\">\n            <div class=\"cell small-12 medium-8 large-6 medium-offset-2 large-offset-3 text-align-center\">\n                <form class=\"search-form\" method=\"get\" action=\"https:\/\/elsikkerhetsportalen.no\/norgesnett\/\" id=\"search-form-69dd46cdae535\">\n    <input type=\"search\" class=\"search-field\" name=\"s\" placeholder=\"S\u00f8k etter tema\" value=\"\" data-swplive=\"true\" required >\n    <button type=\"reset\" class=\"cancel icon-close-filled\"><\/button>\n    <button type=\"submit\" class=\"submit icon-search\"><\/button>\n<\/form>\n            <\/div>\n        <\/div>\n\n                    <div class=\"grid-x grid-margin-x shortcuts-wrapper\">\n                \n                    \n                    <div class=\"cell small-6 medium-3 large-2\">\n                        <a class=\"link link--large-icon\" href=\"https:\/\/elsikkerhetsportalen.no\/norgesnett\/elektrisk-anlegg\/jording\/\" target=\"_self\">\n                            <span class=\"icon icon-el-ground\"><\/span>\n                            <span class=\"str\">Jording<\/span>\n                        <\/a>\n                    <\/div>\n\n                \n                    \n                    <div class=\"cell small-6 medium-3 large-2\">\n                        <a class=\"link link--large-icon\" href=\"https:\/\/elsikkerhetsportalen.no\/norgesnett\/samsvarserklaering\/\" target=\"_self\">\n                            <span class=\"icon icon-el-declaration\"><\/span>\n                            <span class=\"str\">Samsvarserkl\u00e6ring<\/span>\n                        <\/a>\n                    <\/div>\n\n                \n                    \n                    <div class=\"cell small-6 medium-3 large-2\">\n                        <a class=\"link link--large-icon\" href=\"https:\/\/elsikkerhetsportalen.no\/norgesnett\/obs\" target=\"_self\">\n                            <span class=\"icon icon-el-warning\"><\/span>\n                            <span class=\"str\">Farlige produkter<\/span>\n                        <\/a>\n                    <\/div>\n\n                \n                    \n                    <div class=\"cell small-6 medium-3 large-2\">\n                        <a class=\"link link--large-icon\" href=\"https:\/\/elsikkerhetsportalen.no\/norgesnett\/elektrisk-anlegg\/hva-kan-du-gjore-selv\/\" target=\"_self\">\n                            <span class=\"icon icon-el-not-allowed\"><\/span>\n                            <span class=\"str\">Dette kan du gj\u00f8re selv<\/span>\n                        <\/a>\n                    <\/div>\n\n                            <\/div>\n        \n\t\t\n\n\t<\/div>\n<\/section>\n\n\n\n<section id=\"aktuelt-block_2f010fbb1ed1ad8c2de1e92f2a5acbc0\" class=\"block-section aktuelt   align-wide\">\n\t<div class=\"grid-container\">\n\n\t\t<header class=\"grid-x grid-padding-x\">\n\n\t\t\t\t\t\t\t<div class=\"cell small-12 medium-6\">\n\t\t\t\t\t<h2 class=\"section-title\">Aktuelt<\/h2>\n\t\t\t\t<\/div>\n\t\t\t\n\n\t\t\t\t\t\t\t\t<div class=\"cell small-12 medium-6\">\n\t\t\t\t\t<a href=\"https:\/\/elsikkerhetsportalen.no\/norgesnett\/aktuelt\/\" class=\"link link--underlined\" target=\"_self\">Aktuelt<\/a>\n\t\t\t\t<\/div>\n\t\t\t\t\t\t<\/header>\n\n\t\t<div class=\"grid-x grid-margin-x small-up-1 medium-up-2 large-up-3 cards-wrapper\">\n\t\t\t\t\t\t\t<div class=\"cell\">\n\t\t\t\t\t<div class=\"card\">\n\t\t\t\t\t\t<a href=\"https:\/\/elsikkerhetsportalen.no\/norgesnett\/livsfarlig-hobbyelektriker\/\" class=\"img-link\"><img loading=\"lazy\" decoding=\"async\" width=\"397\" height=\"296\" src=\"https:\/\/elsikkerhetsportalen.no\/norgesnett\/wp-content\/uploads\/sites\/19\/2026\/04\/ulovlig-arbeid-26-397x296.png\" class=\"attachment-card size-card wp-post-image\" alt=\"Bilde viser shady opplegg ikke utf\u00f8rt av fagperson\" \/><\/a>\n\t\t\t\t\t\t<div class=\"card-section\">\n\t\t\t\t\t\t\t<h3>Livsfarlig hobbyelektriker<\/h3>\n\t\t\t\t\t\t\t<p>Johansen forteller om en hendelse som godt illustrerer faren og kostnaden ved \u00e5 &#8220;leke hobbyelektriker&#8221;&#8230;.<\/p>\n\t\t\t\t\t\t\t<a href=\"https:\/\/elsikkerhetsportalen.no\/norgesnett\/livsfarlig-hobbyelektriker\/\" class=\"read-more\" aria-label=\"Les artikkelen: Livsfarlig hobbyelektriker\"><i class=\"icon icon-arrow-right\"><\/i><\/a>\n\t\t\t\t\t\t<\/div>\n\t\t\t\t\t<\/div>\n\t\t\t\t<\/div>\n\t\t\t\t\t\t\t<div class=\"cell\">\n\t\t\t\t\t<div class=\"card\">\n\t\t\t\t\t\t<a href=\"https:\/\/elsikkerhetsportalen.no\/norgesnett\/stikkprovebasert-eltilsyn\/\" class=\"img-link\"><img loading=\"lazy\" decoding=\"async\" width=\"397\" height=\"296\" src=\"https:\/\/elsikkerhetsportalen.no\/norgesnett\/wp-content\/uploads\/sites\/19\/2021\/04\/tilsyn-397x296.jpg\" class=\"attachment-card size-card wp-post-image\" alt=\"Bilde viser sjekk av jording p\u00e5 stikkpr\u00f8vebasert tilsyn\" \/><\/a>\n\t\t\t\t\t\t<div class=\"card-section\">\n\t\t\t\t\t\t\t<h3>Stikkpr\u00f8vebasert eltilsyn<\/h3>\n\t\t\t\t\t\t\t<p>Har du f\u00e5tt varsel om kontroll? Gratulerer! Hensikten med v\u00e5rt arbeid er forebygging av brann&#8230;<\/p>\n\t\t\t\t\t\t\t<a href=\"https:\/\/elsikkerhetsportalen.no\/norgesnett\/stikkprovebasert-eltilsyn\/\" class=\"read-more\" aria-label=\"Les artikkelen: Stikkpr\u00f8vebasert eltilsyn\"><i class=\"icon icon-arrow-right\"><\/i><\/a>\n\t\t\t\t\t\t<\/div>\n\t\t\t\t\t<\/div>\n\t\t\t\t<\/div>\n\t\t\t\t\t\t\t<div class=\"cell\">\n\t\t\t\t\t<div class=\"card\">\n\t\t\t\t\t\t<a href=\"https:\/\/elsikkerhetsportalen.no\/norgesnett\/sjekk-varmtvannsberederen\/\" class=\"img-link\"><img loading=\"lazy\" decoding=\"async\" width=\"397\" height=\"296\" src=\"https:\/\/elsikkerhetsportalen.no\/norgesnett\/wp-content\/uploads\/sites\/19\/2023\/05\/VVB-varmegang-LPJohansen-EN-397x296.jpg\" class=\"attachment-card size-card wp-post-image\" alt=\"\" srcset=\"https:\/\/elsikkerhetsportalen.no\/norgesnett\/wp-content\/uploads\/sites\/19\/2023\/05\/VVB-varmegang-LPJohansen-EN-397x296.jpg 397w, https:\/\/elsikkerhetsportalen.no\/norgesnett\/wp-content\/uploads\/sites\/19\/2023\/05\/VVB-varmegang-LPJohansen-EN-300x225.jpg 300w, https:\/\/elsikkerhetsportalen.no\/norgesnett\/wp-content\/uploads\/sites\/19\/2023\/05\/VVB-varmegang-LPJohansen-EN-502x376.jpg 502w\" sizes=\"auto, (max-width: 397px) 100vw, 397px\" \/><\/a>\n\t\t\t\t\t\t<div class=\"card-section\">\n\t\t\t\t\t\t\t<h3>Sjekk varmtvannsberederen<\/h3>\n\t\t\t\t\t\t\t<p>V\u00e5rt tips for \u00e5 sikre deg mot varmgang p\u00e5 stikkontakt og st\u00f8psel, er \u00e5 f\u00e5&#8230;<\/p>\n\t\t\t\t\t\t\t<a href=\"https:\/\/elsikkerhetsportalen.no\/norgesnett\/sjekk-varmtvannsberederen\/\" class=\"read-more\" aria-label=\"Les artikkelen: Sjekk varmtvannsberederen\"><i class=\"icon icon-arrow-right\"><\/i><\/a>\n\t\t\t\t\t\t<\/div>\n\t\t\t\t\t<\/div>\n\t\t\t\t<\/div>\n\t\t\t\t\t\t\t\t<\/div>\n\n\t\t\n\t<\/div>\n\n<\/section>\n\n\n\n\n<section id=\"image-content-block_f3cba9e153c4de70169a3efde51854ed\" class=\"block-section image-content light  align-wide\">\n\t<div class=\"grid-container\" id=\"scrollToMe-ladevett\">\n\n\t\t<div class=\"grid-x grid-padding-x\">\n\n\t\t\t<div class=\"cell small-12 medium-7 content\">\n\t\t\t\t\t\t\t\t\t<h2 class=\"section-title\">Ladevett<\/h2>\n\t\t\t\t\n\t\t\t\t\t\t\t\t\t<article><p>Elsparkesykler, elsykler, st\u00e5brett, ladbare driller og mobilladere skal ikke lades mens vi sover, eller i rom uten r\u00f8ykvarsler.<\/p>\n<\/article>\n\t\t\t\t\n\t\t\t\t\t\t<a class=\"link link--underlined\" href=\"https:\/\/elsikkerhetsportalen.no\/norgesnett\/elektrisk-utstyr\/ladetips\/\" target=\"_self\">\n\t\t\tSe ladevettreglene\t\t<\/a>\n\t\t\t\t\t<div class=\"clearfix\"><\/div>\n\t\t\t\t\n\t\t\t\t\t\t\t\t\n\t\t\t<\/div>\n\n\t\t\t<div class=\"cell small-12 medium-5 image\">\n\t\t\t\t<img loading=\"lazy\" decoding=\"async\" width=\"502\" height=\"335\" src=\"https:\/\/elsikkerhetsportalen.no\/norgesnett\/wp-content\/uploads\/2025\/06\/elsparkesykkel-i-lading-hvit-502x335.png\" class=\"attachment-image-content size-image-content\" alt=\"Bilde viser en hvit elsparkesykkel som st\u00e5r til lading innend\u00f8rs\" srcset=\"https:\/\/elsikkerhetsportalen.no\/norgesnett\/wp-content\/uploads\/2025\/06\/elsparkesykkel-i-lading-hvit-502x335.png 502w, https:\/\/elsikkerhetsportalen.no\/norgesnett\/wp-content\/uploads\/2025\/06\/elsparkesykkel-i-lading-hvit-300x200.png 300w, https:\/\/elsikkerhetsportalen.no\/norgesnett\/wp-content\/uploads\/2025\/06\/elsparkesykkel-i-lading-hvit.png 600w\" sizes=\"auto, (max-width: 502px) 100vw, 502px\" \/>\n\t\t\t<\/div>\n\n\t\t<\/div>\n\n\t\t\t\t\n\t<\/div>\n<\/section>\n\n\n\n<section class=\"block-section post-cards\">\n\t<div class=\"grid-container\">\n\n        <div class=\"grid-x grid-margin-x section-title-wrapper\">\n            <div class=\"cell small-12 medium-6\">\n                                    <h1 class=\"section-title\">Se ogs\u00e5<\/h1>\n                            <\/div>\n\n                    <\/div>\n\n        <div class=\"grid-x grid-margin-x cards-wrapper\">\n                                                                    <a href=\"https:\/\/elsikkerhetsportalen.no\/norgesnett\/hms\/\" class=\"link-card cell small-12 medium-6\">\n    <article>\n        <div class=\"content\">\n            <h3 class=\"title\">Oppskrift p\u00e5 internkontroll<\/h3>\n            <p class=\"excerpt\"><\/p>\n        <\/div>\n        <span class=\"icon icon-arrow-right\"><\/span>\n    <\/article>\n<\/a>                    \n                                                        <a href=\"https:\/\/elsikkerhetsportalen.no\/norgesnett\/ulovlig\/\" class=\"link-card cell small-12 medium-6\">\n    <article>\n        <div class=\"content\">\n            <h3 class=\"title\">Ulovlig elektrisk arbeid<\/h3>\n            <p class=\"excerpt\">Elektrisk materiell er blitt hyllevare i stadig flere forretninger og nettbutikker. Du kan f\u00e5 kj\u00f8pt&#8230;<\/p>\n        <\/div>\n        <span class=\"icon icon-arrow-right\"><\/span>\n    <\/article>\n<\/a>                    \n                                                        <a href=\"https:\/\/elsikkerhetsportalen.no\/norgesnett\/elektrisk-anlegg\/finn-elektriker\/\" class=\"link-card cell small-12 medium-6\">\n    <article>\n        <div class=\"content\">\n            <h3 class=\"title\">Finn elektriker<\/h3>\n            <p class=\"excerpt\"><\/p>\n        <\/div>\n        <span class=\"icon icon-arrow-right\"><\/span>\n    <\/article>\n<\/a>                    \n                                                        <a href=\"https:\/\/elsikkerhetsportalen.no\/norgesnett\/elektrisk-anlegg\/egenkontroll\/\" class=\"link-card cell small-12 medium-6\">\n    <article>\n        <div class=\"content\">\n            <h3 class=\"title\">Egenkontroll<\/h3>\n            <p class=\"excerpt\">Egenkontroll Hensikten med egenkontroll av det elektriske anlegget og utstyr, er \u00e5 oppdage feil s\u00e5&#8230;<\/p>\n        <\/div>\n        <span class=\"icon icon-arrow-right\"><\/span>\n    <\/article>\n<\/a>                    \n                                                    <\/div>\n\n    <\/div>\n<\/section>","protected":false},"excerpt":{"rendered":"","protected":false},"author":4,"featured_media":0,"parent":0,"menu_order":3,"comment_status":"closed","ping_status":"closed","template":"","meta":{"_acf_changed":false,"footnotes":""},"class_list":["post-7","page","type-page","status-publish","hentry"],"acf":[],"_links":{"self":[{"href":"https:\/\/elsikkerhetsportalen.no\/norgesnett\/wp-json\/wp\/v2\/pages\/7","targetHints":{"allow":["GET"]}}],"collection":[{"href":"https:\/\/elsikkerhetsportalen.no\/norgesnett\/wp-json\/wp\/v2\/pages"}],"about":[{"href":"https:\/\/elsikkerhetsportalen.no\/norgesnett\/wp-json\/wp\/v2\/types\/page"}],"author":[{"embeddable":true,"href":"https:\/\/elsikkerhetsportalen.no\/norgesnett\/wp-json\/wp\/v2\/users\/4"}],"replies":[{"embeddable":true,"href":"https:\/\/elsikkerhetsportalen.no\/norgesnett\/wp-json\/wp\/v2\/comments?post=7"}],"version-history":[{"count":0,"href":"https:\/\/elsikkerhetsportalen.no\/norgesnett\/wp-json\/wp\/v2\/pages\/7\/revisions"}],"wp:attachment":[{"href":"https:\/\/elsikkerhetsportalen.no\/norgesnett\/wp-json\/wp\/v2\/media?parent=7"}],"curies":[{"name":"wp","href":"https:\/\/api.w.org\/{rel}","templated":true}]}}