{"id":1065,"date":"2024-01-08T16:40:00","date_gmt":"2024-01-08T16:40:00","guid":{"rendered":"https:\/\/elsikkerhetsportalen.no\/vestall\/elektrisk-anlegg\/jording\/jordfeil\/"},"modified":"2026-01-16T11:34:46","modified_gmt":"2026-01-16T11:34:46","slug":"jordfeil","status":"publish","type":"page","link":"https:\/\/elsikkerhetsportalen.no\/vestall\/elektrisk-anlegg\/jording\/jordfeil\/","title":{"rendered":"Jordfeil"},"content":{"rendered":"<section id=\"scrollable-shortcuts-block_288b2f532e9159cccc854b7ff429a214\" class=\"block-section scrollable-shortcuts   align-full\">\n\t<div class=\"grid-container\">\n\t\t<div class=\"grid-x grid-padding-x\">\n\n\t\t\t<header class=\"cell small-12 medium-7\">\n\t\t\t\t\t\t\t\t\t<h1>Alt du m\u00e5 vite om jordfeil<\/h1>\n\t\t\t\t\n\t\t\t\t\t\t\t\t\t<p class=\"ingress\">Jordfeil kan komme og g\u00e5 avhengig av hva slags utstyr som til enhver tid er i bruk, termostater som kobles ut og inn, fuktighet som varierer med temperaturer, v\u00e6r og \u00e5rstider mm. Dette gj\u00f8r at jordfeil kan v\u00e6re utfordrende \u00e5 lokalisere. Hvis du har mistanke om at det er jordfeil hos deg, ta kontakt med elektriker!<\/p>\n\t\t\t\t\n\t\t\t\t\t\t\t\t\t<h2 class=\"shortcuts-title\">Les mer:<span><span class=\"icon icon-arrow-down\"><\/span><\/span><\/h2>\n\t\t\t\t\n\t\t\t\t<nav><ul><li><a href=\"#farlig-jordfeil\" class=\"link link--underlined\">Hvorfor er jordfeil farlig<\/a><\/li><li><a href=\"#slik-tester-du-jordfeilvernet\" class=\"link link--underlined\">Test av jordfeilvernet<\/a><\/li><li><a href=\"#test-av-jordfeilautomater\" class=\"link link--underlined\">Test av jordfeilautomater<\/a><\/li><li><a href=\"#trinnvis-testing-av-jordfeilbryter\" class=\"link link--underlined\">Trinnvis testing av jordfeilbryter<\/a><\/li><li><a href=\"#hvor-og-hvordan-oppstar-jordfeil\" class=\"link link--underlined\">Derfor oppst\u00e5r jordfeil<\/a><\/li><li><a href=\"#hvordan-beskytter-du-deg-mot-skader-som-folge-av-jordfeil\" class=\"link link--underlined\">Beskytt deg mot skader<\/a><\/li><\/ul><\/nav>\t\t\t<\/header>\n\n\t\t<\/div>\n\t<\/div>\n<\/section>\n\n\n\n<section id=\"image-content-block_c0de3de68f24f87e52ed78fbbdf3dba3\" class=\"block-section image-content light  align-full\">\n\t<div class=\"grid-container\" id=\"scrollToMe-farlig-jordfeil\">\n\n\t\t<div class=\"grid-x grid-padding-x\">\n\n\t\t\t<div class=\"cell small-12 medium-7 content\">\n\t\t\t\t\t\t\t\t\t<h2 class=\"section-title\">Farlig jordfeil<\/h2>\n\t\t\t\t\n\t\t\t\t\t\t\t\t\t<article><p>Jordfeil kan i verste fall f\u00f8re til brann- og\/eller ber\u00f8ringsfare (str\u00f8mst\u00f8t). Ber\u00f8ringsfaren er st\u00f8rst i v\u00e5trom fordi str\u00f8mmen lett kan finne forbindelse gjennom en v\u00e5t menneskekropp til jord. For \u00e5 begrense skadevirkningene av en jordfeil, utstyres elektriske anlegg med jordledninger frem til utstyr og apparater i tillegg til jording av r\u00f8rsystemer og bygningskonstruksjoner. Best beskyttelse mot jordfeil oppn\u00e5s imidlertid ved bruk av jordfeilbrytere som automatisk kobler ut str\u00f8mmen ved en jordfeil.<\/p>\n<p>Dersom du f\u00e5r st\u00f8t, eller merker at det kiler litt ved ber\u00f8ring av vasker, kraner eller elektriske apparater, kan dette skyldes jordfeil. Dette er i s\u00e5 fall alvorlig og m\u00e5 snarest unders\u00f8kes n\u00e6rmere av en elektriker.<\/p>\n<\/article>\n\t\t\t\t\n\t\t\t\t\t\t\t\t<div class=\"clearfix\"><\/div>\n\t\t\t\t\n\t\t\t\t\t\t\t\t\n\t\t\t<\/div>\n\n\t\t\t<div class=\"cell small-12 medium-5 image\">\n\t\t\t\t<img loading=\"lazy\" decoding=\"async\" width=\"502\" height=\"335\" src=\"https:\/\/elsikkerhetsportalen.no\/vestall\/wp-content\/uploads\/2023\/07\/jordfeil-502x335.jpg\" class=\"attachment-image-content size-image-content\" alt=\"V\u00e5t h\u00e5nd tar p\u00e5 st\u00f8psel og flamme\" srcset=\"https:\/\/elsikkerhetsportalen.no\/vestall\/wp-content\/uploads\/2023\/07\/jordfeil-502x335.jpg 502w, https:\/\/elsikkerhetsportalen.no\/vestall\/wp-content\/uploads\/2023\/07\/jordfeil-300x200.jpg 300w, https:\/\/elsikkerhetsportalen.no\/vestall\/wp-content\/uploads\/2023\/07\/jordfeil.jpg 600w\" sizes=\"auto, (max-width: 502px) 100vw, 502px\" \/>\n\t\t\t<\/div>\n\n\t\t<\/div>\n\n\t\t\t\t\n\t<\/div>\n<\/section>\n\n\n\n<section id=\"image-content-block_ea329c9d48fb18314e9553238fddad9d\" class=\"block-section image-content dark  align-full\">\n\t<div class=\"grid-container\" id=\"scrollToMe-slik-tester-du-jordfeilvernet\">\n\n\t\t<div class=\"grid-x grid-padding-x\">\n\n\t\t\t<div class=\"cell small-12 medium-7 content\">\n\t\t\t\t\t\t\t\t\t<h2 class=\"section-title\">Slik tester du jordfeilvernet<\/h2>\n\t\t\t\t\n\t\t\t\t\t\t\t\t\t<article><p>Jordfeil kan b\u00e5de v\u00e6re brannfarlig og gi fare for st\u00f8t. Derfor skal alle elektriske installasjoner ha et jordingsanlegg, som s\u00f8rger for at str\u00f8mmen ledes til jord.\u00a0<b>Skjer det en feil, skal jordfeilbryteren\/jordfeilautomatene i sikringsskapet sl\u00e5s ut.<\/b><b>\u00a0<\/b><\/p>\n<p>Derfor er det viktig at du jevnlig tester at vernet fungerer som den skal.<\/p>\n<\/article>\n\t\t\t\t\n\t\t\t\t\t\t\t\t<div class=\"clearfix\"><\/div>\n\t\t\t\t\n\t\t\t\t\t\t\t\t\n\t\t\t<\/div>\n\n\t\t\t<div class=\"cell small-12 medium-5 image\">\n\t\t\t\t<img loading=\"lazy\" decoding=\"async\" width=\"502\" height=\"335\" src=\"https:\/\/elsikkerhetsportalen.no\/vestall\/wp-content\/uploads\/sites\/23\/2021\/04\/jordfeilbrytertest-502x335.jpg\" class=\"attachment-image-content size-image-content\" alt=\"\" srcset=\"https:\/\/elsikkerhetsportalen.no\/vestall\/wp-content\/uploads\/sites\/23\/2021\/04\/jordfeilbrytertest-502x335.jpg 502w, https:\/\/elsikkerhetsportalen.no\/vestall\/wp-content\/uploads\/sites\/23\/2021\/04\/jordfeilbrytertest-300x200.jpg 300w, https:\/\/elsikkerhetsportalen.no\/vestall\/wp-content\/uploads\/sites\/23\/2021\/04\/jordfeilbrytertest.jpg 600w\" sizes=\"auto, (max-width: 502px) 100vw, 502px\" \/>\n\t\t\t<\/div>\n\n\t\t<\/div>\n\n\t\t\t\t\n\t<\/div>\n<\/section>\n\n\n\n<section id=\"image-content-block_61f88b840f23d6c04a57d843ab2e44ac\" class=\"block-section image-content none has-more-content  align-full\">\n\t<div class=\"grid-container\" id=\"scrollToMe-test-av-jordfeilautomater\">\n\n\t\t<div class=\"grid-x grid-padding-x\">\n\n\t\t\t<div class=\"cell small-12 medium-7 content\">\n\t\t\t\t\t\t\t\t\t<h2 class=\"section-title\">Test av jordfeilautomater<\/h2>\n\t\t\t\t\n\t\t\t\t\t\t\t\t\t<article><p>En <strong data-start=\"106\" data-end=\"125\">jordfeilautomat<\/strong> (ogs\u00e5 kalt kombiautomat) kombinerer funksjonene til en <strong data-start=\"181\" data-end=\"199\">automatsikring<\/strong> og en <strong data-start=\"206\" data-end=\"224\">jordfeilbryter<\/strong> i \u00e9n enhet. Den beskytter b\u00e5de mot <strong data-start=\"260\" data-end=\"304\">overbelastning, kortslutning og jordfeil<\/strong>, og er derfor et sentralt sikkerhetselement i moderne elinstallasjoner. Slik testes de:<\/p>\n<\/article>\n\t\t\t\t\n\t\t\t\t\t\t\t\t<div class=\"clearfix\"><\/div>\n\t\t\t\t\n\t\t\t\t\t\t\t\t\n\t\t\t\t\t<a\n\t\t\t\t\t\thref=\"#\"\n\t\t\t\t\t\tclass=\"button-plus content-toggler\"\n\t\t\t\t\t\tdata-initialtext=\"Les mer\"\n\t\t\t\t\t\tdata-toggletext=\"Les mindre\"\n\t\t\t\t\t\tdata-target=\"ic-hidden-block_61f88b840f23d6c04a57d843ab2e44ac\"\n\t\t\t\t\t\trole=\"button\"\n\t\t\t\t\t\trel=\"nofollow\"\n\t\t\t\t\t\taria-label=\"\u00c5pne skjult innhold\"\n\t\t\t\t\t\taria-expanded=\"false\">\n\t\t\t\t\t\t<span>Les mer<\/span>\n\t\t\t\t\t\t<span class=\"icon icon-plus\"><\/span>\n\t\t\t\t\t<\/a>\n\t\t\t\t\n\t\t\t<\/div>\n\n\t\t\t<div class=\"cell small-12 medium-5 image\">\n\t\t\t\t<img loading=\"lazy\" decoding=\"async\" width=\"502\" height=\"335\" src=\"https:\/\/elsikkerhetsportalen.no\/vestall\/wp-content\/uploads\/2025\/04\/jordfeilautomat-502x335.jpg\" class=\"attachment-image-content size-image-content\" alt=\"\" srcset=\"https:\/\/elsikkerhetsportalen.no\/vestall\/wp-content\/uploads\/2025\/04\/jordfeilautomat-502x335.jpg 502w, https:\/\/elsikkerhetsportalen.no\/vestall\/wp-content\/uploads\/2025\/04\/jordfeilautomat-300x200.jpg 300w, https:\/\/elsikkerhetsportalen.no\/vestall\/wp-content\/uploads\/2025\/04\/jordfeilautomat.jpg 600w\" sizes=\"auto, (max-width: 502px) 100vw, 502px\" \/>\n\t\t\t<\/div>\n\n\t\t<\/div>\n\n\t\t\t\t\t\t<div class=\"grid-x grid-padding-x hidden-more-content\" aria-expanded=\"false\" aria-hidden=\"true\" id=\"ic-hidden-block_61f88b840f23d6c04a57d843ab2e44ac\">\n\t\t\t<div class=\"cell small-12 medium-7 content\">\n\t\t\t\t<article>\n\t\t\t\t<h3 data-start=\"383\" data-end=\"435\">Hvorfor skal jordfeilautomater testes jevnlig?<\/h3>\n<h4 data-start=\"437\" data-end=\"457\">1. <strong data-start=\"444\" data-end=\"457\">Sikkerhet<\/strong><\/h4>\n<ul data-start=\"458\" data-end=\"765\">\n<li class=\"\" data-start=\"458\" data-end=\"570\">\n<p class=\"\" data-start=\"460\" data-end=\"570\">Hovedform\u00e5let med jordfeilautomater er \u00e5 beskytte mennesker mot elektrisk st\u00f8t og brann som f\u00f8lge av jordfeil.<\/p>\n<\/li>\n<li class=\"\" data-start=\"571\" data-end=\"664\">\n<p class=\"\" data-start=\"573\" data-end=\"664\">Over tid kan mekaniske og elektroniske komponenter svekkes eller feile \u2013 uten synlige tegn.<\/p>\n<\/li>\n<li class=\"\" data-start=\"665\" data-end=\"765\">\n<p class=\"\" data-start=\"667\" data-end=\"765\">Regelmessig testing sikrer at enheten fortsatt fungerer som den skal, og kutter str\u00f8mmen ved feil.<\/p>\n<\/li>\n<\/ul>\n<h4 data-start=\"767\" data-end=\"794\">2. <strong data-start=\"774\" data-end=\"794\">Forskriftsp\u00e5lagt<\/strong><\/h4>\n<ul data-start=\"795\" data-end=\"1074\">\n<li class=\"\" data-start=\"795\" data-end=\"944\">\n<p class=\"\" data-start=\"797\" data-end=\"944\">If\u00f8lge <strong data-start=\"804\" data-end=\"815\">NEK 400<\/strong> og krav fra <strong data-start=\"828\" data-end=\"885\">DSB (Direktoratet for samfunnssikkerhet og beredskap)<\/strong>, skal jordfeilbeskyttelse testes <strong data-start=\"919\" data-end=\"943\">minst \u00e9n gang i \u00e5ret<\/strong>.<\/p>\n<\/li>\n<li class=\"\" data-start=\"945\" data-end=\"1074\">\n<p class=\"\" data-start=\"947\" data-end=\"1074\">I visse milj\u00f8er (f.eks. industri, fuktige omr\u00e5der, utend\u00f8rs installasjoner) anbefales oftere testing, gjerne <strong data-start=\"1056\" data-end=\"1073\">hver 3. m\u00e5ned<\/strong>.<\/p>\n<\/li>\n<\/ul>\n<h4 data-start=\"1076\" data-end=\"1121\">3. <strong data-start=\"1083\" data-end=\"1121\">Forebygging av farlige situasjoner<\/strong><\/h4>\n<ul data-start=\"1122\" data-end=\"1320\">\n<li class=\"\" data-start=\"1122\" data-end=\"1233\">\n<p class=\"\" data-start=\"1124\" data-end=\"1233\">En jordfeilautomat som ikke l\u00f8ser ut ved feil, kan f\u00f8re til alvorlige ulykker \u2013 b\u00e5de for mennesker og utstyr.<\/p>\n<\/li>\n<li class=\"\" data-start=\"1234\" data-end=\"1320\">\n<p class=\"\" data-start=\"1236\" data-end=\"1320\">Tidlig oppdagelse av feil kan forhindre brann, driftsstans og kostbare reparasjoner.<\/p>\n<\/li>\n<\/ul>\n<h3 data-start=\"1327\" data-end=\"1368\">Hvordan testes en jordfeilautomat?<\/h3>\n<h4 data-start=\"1370\" data-end=\"1424\">1. <strong data-start=\"1377\" data-end=\"1424\">Trykknapp (Testknapp) \u2013 enkel funksjonstest<\/strong><\/h4>\n<ul data-start=\"1425\" data-end=\"1671\">\n<li class=\"\" data-start=\"1425\" data-end=\"1482\">\n<p class=\"\" data-start=\"1427\" data-end=\"1482\">Alle jordfeilautomater har en <strong data-start=\"1457\" data-end=\"1481\">testknapp merket &#8220;T&#8221;<\/strong>.<\/p>\n<\/li>\n<li class=\"\" data-start=\"1483\" data-end=\"1552\">\n<p class=\"\" data-start=\"1485\" data-end=\"1552\">N\u00e5r du trykker p\u00e5 denne, simuleres en jordfeil internt i automaten.<\/p>\n<\/li>\n<li class=\"\" data-start=\"1553\" data-end=\"1610\">\n<p class=\"\" data-start=\"1555\" data-end=\"1610\">Hvis automaten l\u00f8ser ut, fungerer jordfeilbeskyttelsen.<\/p>\n<\/li>\n<li class=\"\" data-start=\"1611\" data-end=\"1671\">\n<p class=\"\" data-start=\"1613\" data-end=\"1671\">Dersom den <em data-start=\"1624\" data-end=\"1630\">ikke<\/em> l\u00f8ser ut, m\u00e5 den <strong data-start=\"1648\" data-end=\"1670\">byttes umiddelbart<\/strong>.<\/p>\n<\/li>\n<\/ul>\n<p class=\"\" data-start=\"1673\" data-end=\"1797\">\ud83d\udd39 <strong data-start=\"1676\" data-end=\"1685\">Merk:<\/strong> Dette er kun en funksjonstest av jordfeildelen \u2013 <em data-start=\"1735\" data-end=\"1741\">ikke<\/em> en fullverdig test av utl\u00f8sningsstr\u00f8m eller responstid. <a href=\"https:\/\/elsikkerhetsportalen.no\/elektrisk-anlegg\/elkontroll\/\">Det utf\u00f8res i elkontroll av registrert elvirksomhet.<\/a><\/p>\n\t\t\t\t<\/article>\n\t\t\t<\/div>\n\n\t\t\t<div class=\"cell small-12 medium-5 image\">\n\t\t\t\t\t\t\t<\/div>\n\t\t<\/div>\n\t\t\n\t<\/div>\n<\/section>\n\n\n\n<section id=\"image-content-block_60aadbf88d2c7bfd3338e3b58ab55fe6\" class=\"block-section image-content light  align-full\">\n\t<div class=\"grid-container\" id=\"scrollToMe-trinnvis-testing-av-jordfeilbryter\">\n\n\t\t<div class=\"grid-x grid-padding-x\">\n\n\t\t\t<div class=\"cell small-12 medium-7 content\">\n\t\t\t\t\t\t\t\t\t<h2 class=\"section-title\">Trinnvis testing av jordfeilbryter<\/h2>\n\t\t\t\t\n\t\t\t\t\t\t\t\t\t<article><ul>\n<li>Trykk p\u00e5 testknappen. Utseende og plassering av testknapp vil variere avhengig av produsent. N\u00e5r du trykker p\u00e5 testknappen, lages en jordfeil og bryteren skal koble ut str\u00f8mmen p\u00e5 aktuelle kurs (eller alt hvis det er hovedjordfeilbryter).<\/li>\n<li>Jordfeilbryteren kobler ut str\u00f8mmen og hendelen faller automatisk ned.<\/li>\n<li>Vipp opp hendelen som falt ned, og str\u00f8mmen kommer tilbake.<\/li>\n<li>Dersom jordfeilbryteren ikke l\u00f8sr seg ut n\u00e5r du strykker p\u00e5 testknappen, er det en feil med den. Du m\u00e5 da kontakte elektriker for \u00e5 f\u00e5 byttet jordfeilbryteren.<\/li>\n<li>Dersom hendelen ikke lar seg vippe opp, kan det v\u00e6re jordfeil p\u00e5 en kurs (ved hovedjordfeilbryter). Da kan du fors\u00f8ke \u00e5 koble ut \u00e9n og \u00e9n kurs for \u00e5 finne hvilken kurs det er jordfeil p\u00e5. Frakoble elektrisk utstyr p\u00e5 kursen for \u00e5 finne &#8220;synderen&#8221;. Finner du ikke feilen, kontakter du elektriker.<\/li>\n<\/ul>\n<p>Har du sikringsskap med jordfeilautomater, sitter det testknapp ved hver kurs og det er denne hendelen som faller ned og kutter str\u00f8mmen til hver enkel kurs.<\/p>\n<\/article>\n\t\t\t\t\n\t\t\t\t\t\t\t\t<div class=\"clearfix\"><\/div>\n\t\t\t\t\n\t\t\t\t\t\t\t\t\n\t\t\t<\/div>\n\n\t\t\t<div class=\"cell small-12 medium-5 image\">\n\t\t\t\t<img loading=\"lazy\" decoding=\"async\" width=\"502\" height=\"371\" src=\"https:\/\/elsikkerhetsportalen.no\/vestall\/wp-content\/uploads\/sites\/23\/2021\/03\/Automatsikringer-502x371.jpg\" class=\"attachment-image-content size-image-content\" alt=\"Sikringsskap med automatsikringer\" srcset=\"https:\/\/elsikkerhetsportalen.no\/vestall\/wp-content\/uploads\/sites\/23\/2021\/03\/Automatsikringer-502x371.jpg 502w, https:\/\/elsikkerhetsportalen.no\/vestall\/wp-content\/uploads\/sites\/23\/2021\/03\/Automatsikringer-300x222.jpg 300w, https:\/\/elsikkerhetsportalen.no\/vestall\/wp-content\/uploads\/sites\/23\/2021\/03\/Automatsikringer-1024x757.jpg 1024w, https:\/\/elsikkerhetsportalen.no\/vestall\/wp-content\/uploads\/sites\/23\/2021\/03\/Automatsikringer-768x568.jpg 768w, https:\/\/elsikkerhetsportalen.no\/vestall\/wp-content\/uploads\/sites\/23\/2021\/03\/Automatsikringer-1536x1136.jpg 1536w, https:\/\/elsikkerhetsportalen.no\/vestall\/wp-content\/uploads\/sites\/23\/2021\/03\/Automatsikringer.jpg 1752w\" sizes=\"auto, (max-width: 502px) 100vw, 502px\" \/>\n\t\t\t<\/div>\n\n\t\t<\/div>\n\n\t\t\t\t\n\t<\/div>\n<\/section>\n\n\n\n\n<section id=\"video-block_d40176327add5120ccda88ba721eb931\" class=\"block-section custom-video-embed   align-full\" >\n\t<div class=\"grid-container\">\n\t\t<div class=\"grid-x grid-padding-x\">\n\t\t\t<div class=\"cell small-12 medium-8 large-6 medium-offset-2 large-offset-3\">\n\n\t\t\t\t<figure class=\"wp-block-embed is-type-video is-provider-youtube wp-block-embed-youtube wp-embed-aspect-4-3 wp-has-aspect-ratio\">\n\t\t\t\t\t<div class=\"wp-block-embed__wrapper\">\n\t\t\t\t\t\t<iframe\n\t\t\t\t\t\t\t\ttitle=\"YouTube video player\"\n\t\t\t\t\t\t\t\tsrc=\"https:\/\/www.youtube.com\/embed\/UQjM70ovIv8?feature=oembed\"\n\t\t\t\t\t\t\t\tframeborder=\"0\"\n\t\t\t\t\t\t\t\tallow=\"accelerometer; autoplay; clipboard-write; encrypted-media; gyroscope; picture-in-picture; web-share\" allowfullscreen=\"\">\n\t\t\t\t\t\t<\/iframe>\n\t\t\t\t\t<\/div>\n\t\t\t\t<\/figure>\n\n\t\t\t<\/div>\n\t\t<\/div>\n\t<\/div>\n<\/section>\n\n\n\n\n<section id=\"image-content-block_d80a953fa080d9ce7bce622c7334a91a\" class=\"block-section image-content dark  align-full\">\n\t<div class=\"grid-container\" id=\"scrollToMe-hvor-og-hvordan-oppstar-jordfeil\">\n\n\t\t<div class=\"grid-x grid-padding-x\">\n\n\t\t\t<div class=\"cell small-12 medium-7 content\">\n\t\t\t\t\t\t\t\t\t<h2 class=\"section-title\">Hvor og hvordan oppst\u00e5r jordfeil<\/h2>\n\t\t\t\t\n\t\t\t\t\t\t\t\t\t<article><p>Det kan v\u00e6re metalliske deler av lamper, utstyr og apparater som ved en feil kommer i kontakt med spenningsf\u00f8rende deler som f\u00f8rer til jordfeil.<\/p>\n<p>Det kan ogs\u00e5 v\u00e6re feilmontering, slitasje eller feil\/skade p\u00e5 materiellet som kan f\u00f8re til jordfeil i selve anlegget.<\/p>\n<\/article>\n\t\t\t\t\n\t\t\t\t\t\t\t\t<div class=\"clearfix\"><\/div>\n\t\t\t\t\n\t\t\t\t\t\t\t\t\n\t\t\t<\/div>\n\n\t\t\t<div class=\"cell small-12 medium-5 image\">\n\t\t\t\t<img loading=\"lazy\" decoding=\"async\" width=\"502\" height=\"335\" src=\"https:\/\/elsikkerhetsportalen.no\/vestall\/wp-content\/uploads\/sites\/23\/2021\/04\/Kaffetrakter-600x400-1-502x335.jpg\" class=\"attachment-image-content size-image-content\" alt=\"\" srcset=\"https:\/\/elsikkerhetsportalen.no\/vestall\/wp-content\/uploads\/sites\/23\/2021\/04\/Kaffetrakter-600x400-1-502x335.jpg 502w, https:\/\/elsikkerhetsportalen.no\/vestall\/wp-content\/uploads\/sites\/23\/2021\/04\/Kaffetrakter-600x400-1-300x200.jpg 300w, https:\/\/elsikkerhetsportalen.no\/vestall\/wp-content\/uploads\/sites\/23\/2021\/04\/Kaffetrakter-600x400-1.jpg 600w\" sizes=\"auto, (max-width: 502px) 100vw, 502px\" \/>\n\t\t\t<\/div>\n\n\t\t<\/div>\n\n\t\t\t\t\n\t<\/div>\n<\/section>\n\n\n\n<blockquote class=\"wp-block-quote is-layout-flow wp-block-quote-is-layout-flow\">\n<p><strong>Har du mistanke om jordfeil, bruk kun elektrikere som er registrert i myndighetenes <a href=\"https:\/\/elvirksomhetsregisteret.dsb.no\/elreg-ui\/\" target=\"_blank\" rel=\"noreferrer noopener\">Elvirksomhetsregister<\/a>.<\/strong><\/p>\n<\/blockquote>\n\n\n\n<section id=\"image-content-block_d10cb96e5efd4224aa736e62018f4daf\" class=\"block-section image-content dark  align-full\">\n\t<div class=\"grid-container\" id=\"scrollToMe-hvordan-beskytter-du-deg-mot-skader-som-folge-av-jordfeil\">\n\n\t\t<div class=\"grid-x grid-padding-x\">\n\n\t\t\t<div class=\"cell small-12 medium-7 content\">\n\t\t\t\t\t\t\t\t\t<h2 class=\"section-title\">Hvordan beskytter du deg mot skader som f\u00f8lge av jordfeil<\/h2>\n\t\t\t\t\n\t\t\t\t\t\t\t\t\t<article><ul>\n<li>For \u00e5 begrense skadevirkningene av en jordfeil, utstyres elektriske anlegg med jordledninger fram til utstyr og apparater i tillegg til jording av r\u00f8rsystemer og bygningskonstruksjoner.<\/li>\n<li><strong>Best beskyttelse mot jordfeil oppn\u00e5s ved bruk av jordfeilbrytere som automatisk kobler ut str\u00f8mmen ved en jordfeil.<\/strong><\/li>\n<\/ul>\n<\/article>\n\t\t\t\t\n\t\t\t\t\t\t\t\t<div class=\"clearfix\"><\/div>\n\t\t\t\t\n\t\t\t\t\t\t\t\t\n\t\t\t<\/div>\n\n\t\t\t<div class=\"cell small-12 medium-5 image\">\n\t\t\t\t<img loading=\"lazy\" decoding=\"async\" width=\"502\" height=\"335\" src=\"https:\/\/elsikkerhetsportalen.no\/vestall\/wp-content\/uploads\/2023\/01\/lys-og-varme-II-502x335.jpg\" class=\"attachment-image-content size-image-content\" alt=\"Lys og varmekilder\" srcset=\"https:\/\/elsikkerhetsportalen.no\/vestall\/wp-content\/uploads\/2023\/01\/lys-og-varme-II-502x335.jpg 502w, https:\/\/elsikkerhetsportalen.no\/vestall\/wp-content\/uploads\/2023\/01\/lys-og-varme-II-300x200.jpg 300w, https:\/\/elsikkerhetsportalen.no\/vestall\/wp-content\/uploads\/2023\/01\/lys-og-varme-II.jpg 600w\" sizes=\"auto, (max-width: 502px) 100vw, 502px\" \/>\n\t\t\t<\/div>\n\n\t\t<\/div>\n\n\t\t\t\t\n\t<\/div>\n<\/section>\n\n\n\n<section class=\"block-section post-cards\">\n\t<div class=\"grid-container\">\n\n        <div class=\"grid-x grid-margin-x section-title-wrapper\">\n            <div class=\"cell small-12 medium-6\">\n                                    <h1 class=\"section-title\">Mer om jording<\/h1>\n                            <\/div>\n\n                    <\/div>\n\n        <div class=\"grid-x grid-margin-x cards-wrapper\">\n                                                                    <a href=\"https:\/\/elsikkerhetsportalen.no\/vestall\/jordet-eller-ujordet\/\" class=\"link-card cell small-12 medium-6\">\n    <article>\n        <div class=\"content\">\n            <h3 class=\"title\">Jordet eller ujordet<\/h3>\n            <p class=\"excerpt\">Har du en relativt ny bolig, er det kun jordete kontakter i alle rom. Bor&#8230;<\/p>\n        <\/div>\n        <span class=\"icon icon-arrow-right\"><\/span>\n    <\/article>\n<\/a>                    \n                                                        <a href=\"https:\/\/elsikkerhetsportalen.no\/vestall\/kulokabel\/\" class=\"link-card cell small-12 medium-6\">\n    <article>\n        <div class=\"content\">\n            <h3 class=\"title\">Kulokabel<\/h3>\n            <p class=\"excerpt\">Kulokabelen best\u00e5r av gummiisolerte ledninger med en yterkappe av aluminium. Denne kabeltypen ble benyttet som&#8230;<\/p>\n        <\/div>\n        <span class=\"icon icon-arrow-right\"><\/span>\n    <\/article>\n<\/a>                    \n                                                        <a href=\"https:\/\/elsikkerhetsportalen.no\/vestall\/elektrisk-anlegg\/sikringsskap\/\" class=\"link-card cell small-12 medium-6\">\n    <article>\n        <div class=\"content\">\n            <h3 class=\"title\">Sikringsskap<\/h3>\n            <p class=\"excerpt\"><\/p>\n        <\/div>\n        <span class=\"icon icon-arrow-right\"><\/span>\n    <\/article>\n<\/a>                    \n                                                    <\/div>\n\n    <\/div>\n<\/section>","protected":false},"excerpt":{"rendered":"<p>Har du mistanke om jordfeil, bruk kun elektrikere som er registrert i myndighetenes Elvirksomhetsregister.<\/p>\n","protected":false},"author":4,"featured_media":1214,"parent":1847,"menu_order":0,"comment_status":"closed","ping_status":"closed","template":"","meta":{"_acf_changed":false,"footnotes":""},"class_list":["post-1065","page","type-page","status-publish","has-post-thumbnail","hentry"],"acf":[],"_links":{"self":[{"href":"https:\/\/elsikkerhetsportalen.no\/vestall\/wp-json\/wp\/v2\/pages\/1065","targetHints":{"allow":["GET"]}}],"collection":[{"href":"https:\/\/elsikkerhetsportalen.no\/vestall\/wp-json\/wp\/v2\/pages"}],"about":[{"href":"https:\/\/elsikkerhetsportalen.no\/vestall\/wp-json\/wp\/v2\/types\/page"}],"author":[{"embeddable":true,"href":"https:\/\/elsikkerhetsportalen.no\/vestall\/wp-json\/wp\/v2\/users\/4"}],"replies":[{"embeddable":true,"href":"https:\/\/elsikkerhetsportalen.no\/vestall\/wp-json\/wp\/v2\/comments?post=1065"}],"version-history":[{"count":0,"href":"https:\/\/elsikkerhetsportalen.no\/vestall\/wp-json\/wp\/v2\/pages\/1065\/revisions"}],"up":[{"embeddable":true,"href":"https:\/\/elsikkerhetsportalen.no\/vestall\/wp-json\/wp\/v2\/pages\/1847"}],"wp:featuredmedia":[{"embeddable":true,"href":"https:\/\/elsikkerhetsportalen.no\/vestall\/wp-json\/wp\/v2\/media\/1214"}],"wp:attachment":[{"href":"https:\/\/elsikkerhetsportalen.no\/vestall\/wp-json\/wp\/v2\/media?parent=1065"}],"curies":[{"name":"wp","href":"https:\/\/api.w.org\/{rel}","templated":true}]}}