{"id":1100,"date":"2022-06-22T11:37:06","date_gmt":"2022-06-22T11:37:06","guid":{"rendered":"https:\/\/elsikkerhetsportalen.no\/vestall\/elektrisk-utstyr\/komfyrvakt\/"},"modified":"2025-12-10T14:24:48","modified_gmt":"2025-12-10T14:24:48","slug":"komfyrvakt","status":"publish","type":"page","link":"https:\/\/elsikkerhetsportalen.no\/vestall\/elektrisk-utstyr\/komfyrvakt\/","title":{"rendered":"Komfyrvakt"},"content":{"rendered":"<section id=\"scrollable-shortcuts-block_8dce7032732f88bcf5a8deb324078140\" class=\"block-section scrollable-shortcuts   align-full\">\n\t<div class=\"grid-container\">\n\t\t<div class=\"grid-x grid-padding-x\">\n\n\t\t\t<header class=\"cell small-12 medium-7\">\n\t\t\t\t\t\t\t\t\t<h1>Komfyrvakt redder liv!<\/h1>\n\t\t\t\t\n\t\t\t\t\t\t\t\t\t<p class=\"ingress\">T\u00f8rrkoking og antenning av olje\/fett p\u00e5 komfyrer og platetopper er av de vanligste \u00e5rsakene til boligbrann. Komfyrbrann skyldes uforsiktighet, uoppmerksomhet og glemsomhet ved matlaging. Det kan du enkelt gj\u00f8re noe med!<\/p>\n\t\t\t\t\n\t\t\t\t\t\t\t\t\t<h2 class=\"shortcuts-title\">Snarveier<span><span class=\"icon icon-arrow-down\"><\/span><\/span><\/h2>\n\t\t\t\t\n\t\t\t\t<nav><ul><li><a href=\"#krav-til-komfyrvakten-og-hva-den-gjor\" class=\"link link--underlined\">Alt du vil vite om komfyrvakt<\/a><\/li><li><a href=\"#slik-monterer-du-selv-en-enkel-komfyrvakt\" class=\"link link--underlined\">Montering av komfyrvakt<\/a><\/li><li><a href=\"#derfor-redder-komfyrvakt-liv\" class=\"link link--underlined\">Slik redder komfyrvakt liv<\/a><\/li><\/ul><\/nav>\t\t\t<\/header>\n\n\t\t<\/div>\n\t<\/div>\n<\/section>\n\n\n\n<section id=\"image-content-block_d8f21f0d9bed1c6b3bcee67ce45ae204\" class=\"block-section image-content dark has-more-content  align-full\">\n\t<div class=\"grid-container\" id=\"scrollToMe-krav-til-komfyrvakten-og-hva-den-gjor\">\n\n\t\t<div class=\"grid-x grid-padding-x\">\n\n\t\t\t<div class=\"cell small-12 medium-7 content\">\n\t\t\t\t\t\t\t\t\t<h2 class=\"section-title\">Krav til komfyrvakten og hva den gj\u00f8r<\/h2>\n\t\t\t\t\n\t\t\t\t\t\t\t\t\t<article><p>Kravet til montering av komfyrvakter i nye installasjoner og n\u00e5r det legges ny elektrisk kurs til komfyren, ble innf\u00f8rt 1. juli 2010. Det gjelder i alle type boliger, ogs\u00e5 fritidsboliger. Vi anbefaler ogs\u00e5 komfyrvakt i eldre installasjoner! Her kan du lese mer om hvor du f\u00e5r kj\u00f8pt komfyrvakt og hvilken type du b\u00f8r kj\u00f8pe.<\/p>\n<\/article>\n\t\t\t\t\n\t\t\t\t\t\t<a class=\"link link--underlined\" href=\"https:\/\/www.fgsikring.no\/brann\/komfyrvakt\/fg\/\" target=\"_blank\">\n\t\t\tSe komfyrvakter som er testet og sertifisert iht. kravene\t\t<\/a>\n\t\t\t\t\t<div class=\"clearfix\"><\/div>\n\t\t\t\t\n\t\t\t\t\t\t\t\t\n\t\t\t\t\t<a\n\t\t\t\t\t\thref=\"#\"\n\t\t\t\t\t\tclass=\"button-plus content-toggler\"\n\t\t\t\t\t\tdata-initialtext=\"Les mer\"\n\t\t\t\t\t\tdata-toggletext=\"Les mindre\"\n\t\t\t\t\t\tdata-target=\"ic-hidden-block_d8f21f0d9bed1c6b3bcee67ce45ae204\"\n\t\t\t\t\t\trole=\"button\"\n\t\t\t\t\t\trel=\"nofollow\"\n\t\t\t\t\t\taria-label=\"\u00c5pne skjult innhold\"\n\t\t\t\t\t\taria-expanded=\"false\">\n\t\t\t\t\t\t<span>Les mer<\/span>\n\t\t\t\t\t\t<span class=\"icon icon-plus\"><\/span>\n\t\t\t\t\t<\/a>\n\t\t\t\t\n\t\t\t<\/div>\n\n\t\t\t<div class=\"cell small-12 medium-5 image\">\n\t\t\t\t<img loading=\"lazy\" decoding=\"async\" width=\"502\" height=\"335\" src=\"https:\/\/elsikkerhetsportalen.no\/vestall\/wp-content\/uploads\/sites\/23\/2021\/04\/Komfyrvakt-pip-502x335.jpg\" class=\"attachment-image-content size-image-content\" alt=\"\" srcset=\"https:\/\/elsikkerhetsportalen.no\/vestall\/wp-content\/uploads\/sites\/23\/2021\/04\/Komfyrvakt-pip-502x335.jpg 502w, https:\/\/elsikkerhetsportalen.no\/vestall\/wp-content\/uploads\/sites\/23\/2021\/04\/Komfyrvakt-pip-300x200.jpg 300w, https:\/\/elsikkerhetsportalen.no\/vestall\/wp-content\/uploads\/sites\/23\/2021\/04\/Komfyrvakt-pip.jpg 600w\" sizes=\"auto, (max-width: 502px) 100vw, 502px\" \/>\n\t\t\t<\/div>\n\n\t\t<\/div>\n\n\t\t\t\t\t\t<div class=\"grid-x grid-padding-x hidden-more-content\" aria-expanded=\"false\" aria-hidden=\"true\" id=\"ic-hidden-block_d8f21f0d9bed1c6b3bcee67ce45ae204\">\n\t\t\t<div class=\"cell small-12 medium-7 content\">\n\t\t\t\t<article>\n\t\t\t\t<h3>Hva er en komfyrvakt?<\/h3>\n<p>Komfyrvakten har to deler der den ene overv\u00e5ker platetoppen for overoppheting, og den andre ligger skjult bak komfyren eller er plassert i sikringsskapet. Dersom overv\u00e5kningsdelen oppdager brannfare p\u00e5 platetoppen, gir komfyrvakten et varsel. Om ingen reagerer p\u00e5 alarmen, sl\u00e5s str\u00f8mmen til komfyren av.<\/p>\n<h3>Hvor f\u00e5r jeg kj\u00f8pt komfyrvakt?<\/h3>\n<p>Du kan kj\u00f8pe komfyrvakt p\u00e5 Internett, for eksempel i forsikringsselskapenes nettbutikker. Det er en felles internasjonal norm som sikrer god kvalitet p\u00e5 komfyrvakter. Normen heter NEK EN 50615. Sjekk merkingen p\u00e5 komfyrvakten eller sp\u00f8r i butikken om den er testet etter kravene i normen. Typer for fast montering\u00a0 kj\u00f8pes via elektriker. Her b\u00f8r du ogs\u00e5 be om dokumentasjon p\u00e5 at produktet oppfyller normens krav.<\/p>\n<h3>Hva koster komfyrvaktene?<\/h3>\n<p>Det kommer an p\u00e5 om det er en komfyrvakt for fast montasje eller for selvmontering. Prisen ligger fra cirka 3 500 kroner og oppover. Det hender de ogs\u00e5 er p\u00e5 kampanjetilbud.<\/p>\n<h3>Kan komfyrvakt monteres av meg?<\/h3>\n<p>Komfyrvakt som har plugg og kontakt (Plug&amp;Play) kan monteres av alle. Se hvordan du kan montere en slik komfyrvakt et annet sted p\u00e5 denne siden. Typen for fast installasjon m\u00e5 monteres av elektriker.<\/p>\n<h3>Finnes komfyrer med innebygd vakt?<\/h3>\n<p>Noen f\u00e5 komfyrprodusenter oppgir at det finnes innebygget komfyrvakt i komfyren. De m\u00e5 kunne dokumentere at normens krav er oppfylt. I alle nyere boliger skal imidlertid komfyrvakten v\u00e6re en del av den faste elektriske installasjonen. Du skal nemlig kunne bytte komfyr eller platetopp, uten \u00e5 m\u00e5tte tenke p\u00e5 at det da m\u00e5 monteres ny komfyrvakt.<\/p>\n<h3>Hvilken type komfyrvakt b\u00f8r jeg kj\u00f8pe?<\/h3>\n<p>Kj\u00f8p en komfyrvakt som oppfyller den europeiske standarden EN 50615. Den skal sikre at komfyrvakter reagerer p\u00e5 brannfarlige situasjoner, samtidig som de ikke gir falske alarmer og un\u00f8dige str\u00f8mutkoblinger. FG listef\u00f8rer komfyrvakter som er testet og sertifisert iht. kravene i NEK EN 50615 og FGs regler for komfyrvakt. Se lenke lenger ned.<\/p>\n<h3>Trenger jeg komfyrvakt n\u00e5r jeg har induksjonsovn?<\/h3>\n<p>Induksjonsovn er sikrere enn tradisjonelle komfyrer. Men fordi branner ofte oppst\u00e5r i t\u00f8rrkokt mat i kjelen, kan det ogs\u00e5 oppst\u00e5 branner med induksjonstopp.<\/p>\n<a class=\"link link--underlined\" href=\"https:\/\/fgkontroll.no\/produkter?includeExpired=false&#038;q=&#038;produktgruppe=KV\" target=\"_blank\">Oversikt over FG-godkjente komfyrvakter<\/a>\t\t\t\t<\/article>\n\t\t\t<\/div>\n\n\t\t\t<div class=\"cell small-12 medium-5 image\">\n\t\t\t\t\t\t\t<\/div>\n\t\t<\/div>\n\t\t\n\t<\/div>\n<\/section>\n\n\n\n<section id=\"image-content-block_6471c37088d712a644843e67d43cd330\" class=\"block-section image-content light has-more-content  align-full\">\n\t<div class=\"grid-container\" id=\"scrollToMe-slik-monterer-du-selv-en-enkel-komfyrvakt\">\n\n\t\t<div class=\"grid-x grid-padding-x\">\n\n\t\t\t<div class=\"cell small-12 medium-7 content\">\n\t\t\t\t\t\t\t\t\t<h2 class=\"section-title\">Slik monterer du selv en enkel komfyrvakt<\/h2>\n\t\t\t\t\n\t\t\t\t\t\t\t\t\t<article><p>Dersom komfyrvakt skal monteres i eldre kj\u00f8kken, finnes det produkter som kan plugges inn i eksisterende stikkontakt bak komfyren. Trykk Les mer for \u00e5 se hvordan dette kan gj\u00f8res.<\/p>\n<\/article>\n\t\t\t\t\n\t\t\t\t\t\t\t\t<div class=\"clearfix\"><\/div>\n\t\t\t\t\n\t\t\t\t\t\t\t\t\n\t\t\t\t\t<a\n\t\t\t\t\t\thref=\"#\"\n\t\t\t\t\t\tclass=\"button-plus content-toggler\"\n\t\t\t\t\t\tdata-initialtext=\"Les mer\"\n\t\t\t\t\t\tdata-toggletext=\"Les mindre\"\n\t\t\t\t\t\tdata-target=\"ic-hidden-block_6471c37088d712a644843e67d43cd330\"\n\t\t\t\t\t\trole=\"button\"\n\t\t\t\t\t\trel=\"nofollow\"\n\t\t\t\t\t\taria-label=\"\u00c5pne skjult innhold\"\n\t\t\t\t\t\taria-expanded=\"false\">\n\t\t\t\t\t\t<span>Les mer<\/span>\n\t\t\t\t\t\t<span class=\"icon icon-plus\"><\/span>\n\t\t\t\t\t<\/a>\n\t\t\t\t\n\t\t\t<\/div>\n\n\t\t\t<div class=\"cell small-12 medium-5 image\">\n\t\t\t\t<img loading=\"lazy\" decoding=\"async\" width=\"502\" height=\"335\" src=\"https:\/\/elsikkerhetsportalen.no\/vestall\/wp-content\/uploads\/2022\/06\/komfyrvakt-montering-502x335.png\" class=\"attachment-image-content size-image-content\" alt=\"\" srcset=\"https:\/\/elsikkerhetsportalen.no\/vestall\/wp-content\/uploads\/2022\/06\/komfyrvakt-montering-502x335.png 502w, https:\/\/elsikkerhetsportalen.no\/vestall\/wp-content\/uploads\/2022\/06\/komfyrvakt-montering-300x200.png 300w, https:\/\/elsikkerhetsportalen.no\/vestall\/wp-content\/uploads\/2022\/06\/komfyrvakt-montering.png 600w\" sizes=\"auto, (max-width: 502px) 100vw, 502px\" \/>\n\t\t\t<\/div>\n\n\t\t<\/div>\n\n\t\t\t\t\t\t<div class=\"grid-x grid-padding-x hidden-more-content\" aria-expanded=\"false\" aria-hidden=\"true\" id=\"ic-hidden-block_6471c37088d712a644843e67d43cd330\">\n\t\t\t<div class=\"cell small-12 medium-7 content\">\n\t\t\t\t<article>\n\t\t\t\t<p><iframe loading=\"lazy\" title=\"Slik monterer du komfyrvakt\" width=\"500\" height=\"281\" src=\"https:\/\/www.youtube.com\/embed\/kCqBqw6wPzQ?feature=oembed\" frameborder=\"0\" allow=\"accelerometer; autoplay; clipboard-write; encrypted-media; gyroscope; picture-in-picture; web-share\" referrerpolicy=\"strict-origin-when-cross-origin\" allowfullscreen><\/iframe><\/p>\n\t\t\t\t<\/article>\n\t\t\t<\/div>\n\n\t\t\t<div class=\"cell small-12 medium-5 image\">\n\t\t\t\t\t\t\t<\/div>\n\t\t<\/div>\n\t\t\n\t<\/div>\n<\/section>\n\n\n\n<section id=\"image-content-block_2bf65c989118c31009b2fa19fc93c370\" class=\"block-section image-content dark has-more-content  align-full\">\n\t<div class=\"grid-container\" id=\"scrollToMe-derfor-redder-komfyrvakt-liv\">\n\n\t\t<div class=\"grid-x grid-padding-x\">\n\n\t\t\t<div class=\"cell small-12 medium-7 content\">\n\t\t\t\t\t\t\t\t\t<h2 class=\"section-title\">Derfor redder komfyrvakt liv<\/h2>\n\t\t\t\t\n\t\t\t\t\t\t\t\t\t<article><p>Komfyrbranner oppst\u00e5r hyppigst hos eldre og unge enslige. D\u00f8dsbrannene skjer ofte om natten n\u00e5r den unge mannen skal lage seg nattmat og sovner fra matlagingen. Derfor anbefaler vi sterkt at du kj\u00f8per nattmat p\u00e5 byen f\u00f8r du drar hjem, eller spiser kald mat hjemme n\u00e5r du er trett eller beruset.<\/p>\n<\/article>\n\t\t\t\t\n\t\t\t\t\t\t\t\t<div class=\"clearfix\"><\/div>\n\t\t\t\t\n\t\t\t\t\t\t\t\t\n\t\t\t\t\t<a\n\t\t\t\t\t\thref=\"#\"\n\t\t\t\t\t\tclass=\"button-plus content-toggler\"\n\t\t\t\t\t\tdata-initialtext=\"Les mer\"\n\t\t\t\t\t\tdata-toggletext=\"Les mindre\"\n\t\t\t\t\t\tdata-target=\"ic-hidden-block_2bf65c989118c31009b2fa19fc93c370\"\n\t\t\t\t\t\trole=\"button\"\n\t\t\t\t\t\trel=\"nofollow\"\n\t\t\t\t\t\taria-label=\"\u00c5pne skjult innhold\"\n\t\t\t\t\t\taria-expanded=\"false\">\n\t\t\t\t\t\t<span>Les mer<\/span>\n\t\t\t\t\t\t<span class=\"icon icon-plus\"><\/span>\n\t\t\t\t\t<\/a>\n\t\t\t\t\n\t\t\t<\/div>\n\n\t\t\t<div class=\"cell small-12 medium-5 image\">\n\t\t\t\t<img loading=\"lazy\" decoding=\"async\" width=\"502\" height=\"335\" src=\"https:\/\/elsikkerhetsportalen.no\/vestall\/wp-content\/uploads\/2022\/06\/varm-nattmat-502x335.png\" class=\"attachment-image-content size-image-content\" alt=\"Bilde viser en ung gutt som spiser varm pizza i byen\" srcset=\"https:\/\/elsikkerhetsportalen.no\/vestall\/wp-content\/uploads\/2022\/06\/varm-nattmat-502x335.png 502w, https:\/\/elsikkerhetsportalen.no\/vestall\/wp-content\/uploads\/2022\/06\/varm-nattmat-300x200.png 300w, https:\/\/elsikkerhetsportalen.no\/vestall\/wp-content\/uploads\/2022\/06\/varm-nattmat.png 600w\" sizes=\"auto, (max-width: 502px) 100vw, 502px\" \/>\n\t\t\t<\/div>\n\n\t\t<\/div>\n\n\t\t\t\t\t\t<div class=\"grid-x grid-padding-x hidden-more-content\" aria-expanded=\"false\" aria-hidden=\"true\" id=\"ic-hidden-block_2bf65c989118c31009b2fa19fc93c370\">\n\t\t\t<div class=\"cell small-12 medium-7 content\">\n\t\t\t\t<article>\n\t\t\t\t<p>Eldre mennesker og unge menn er overrepresentert i delen av brannstatistikken som omfatter komfyrbrann. Som oftest oppst\u00e5r brannene med eldre p\u00e5 dagtid, mens menn i 20-30 \u00e5rene rammes mellom klokken 2 og 6.<\/p>\n<p>Natt til s\u00f8ndag er tidspunktet flest mennesker omkommer som f\u00f8lge av t\u00f8rrkoking, viser en omfattende Sintef-studie som ble offentliggjort i 2010.<\/p>\n<blockquote><p><strong>Ved \u00e5 installere en komfyrvakt kan du hindre at komfyrbranner oppst\u00e5r. Komfyrvakten varsler eller kobler ut str\u00f8mmen hvis en komfyrbrann er faretruende n\u00e6r. Dermed redder den liv!<\/strong><\/p><\/blockquote>\n\t\t\t\t<\/article>\n\t\t\t<\/div>\n\n\t\t\t<div class=\"cell small-12 medium-5 image\">\n\t\t\t\t\t\t\t<\/div>\n\t\t<\/div>\n\t\t\n\t<\/div>\n<\/section>\n","protected":false},"excerpt":{"rendered":"","protected":false},"author":4,"featured_media":568,"parent":9,"menu_order":3,"comment_status":"closed","ping_status":"closed","template":"","meta":{"_acf_changed":false,"footnotes":""},"class_list":["post-1100","page","type-page","status-publish","has-post-thumbnail","hentry"],"acf":[],"_links":{"self":[{"href":"https:\/\/elsikkerhetsportalen.no\/vestall\/wp-json\/wp\/v2\/pages\/1100","targetHints":{"allow":["GET"]}}],"collection":[{"href":"https:\/\/elsikkerhetsportalen.no\/vestall\/wp-json\/wp\/v2\/pages"}],"about":[{"href":"https:\/\/elsikkerhetsportalen.no\/vestall\/wp-json\/wp\/v2\/types\/page"}],"author":[{"embeddable":true,"href":"https:\/\/elsikkerhetsportalen.no\/vestall\/wp-json\/wp\/v2\/users\/4"}],"replies":[{"embeddable":true,"href":"https:\/\/elsikkerhetsportalen.no\/vestall\/wp-json\/wp\/v2\/comments?post=1100"}],"version-history":[{"count":0,"href":"https:\/\/elsikkerhetsportalen.no\/vestall\/wp-json\/wp\/v2\/pages\/1100\/revisions"}],"up":[{"embeddable":true,"href":"https:\/\/elsikkerhetsportalen.no\/vestall\/wp-json\/wp\/v2\/pages\/9"}],"wp:featuredmedia":[{"embeddable":true,"href":"https:\/\/elsikkerhetsportalen.no\/vestall\/wp-json\/wp\/v2\/media\/568"}],"wp:attachment":[{"href":"https:\/\/elsikkerhetsportalen.no\/vestall\/wp-json\/wp\/v2\/media?parent=1100"}],"curies":[{"name":"wp","href":"https:\/\/api.w.org\/{rel}","templated":true}]}}